{"id":5791,"date":"2021-02-26T13:57:54","date_gmt":"2021-02-26T12:57:54","guid":{"rendered":"https:\/\/www.galistra.pl\/ueber-uns\/"},"modified":"2025-12-08T09:30:45","modified_gmt":"2025-12-08T08:30:45","slug":"ueber-uns","status":"publish","type":"page","link":"https:\/\/www.galistra.pl\/de\/ueber-uns\/","title":{"rendered":"\u00dcber uns"},"content":{"rendered":"\n<h3 class=\"wp-block-heading\">Wir sind spezialisiert auf effizientes Design<\/h3>\n\n<h4 class=\"wp-block-heading\">Rationalisierung des Bauprozesses und Optimierung der Arbeits- und Materialkosten<\/h4>\n\n<div class=\"wp-block-image\"><figure class=\"alignright size-large is-resized\"><img loading=\"lazy\" decoding=\"async\" src=\"https:\/\/www.galistra.pl\/wp-content\/uploads\/2021\/03\/galistra-1.jpg\" alt=\"\" class=\"wp-image-1349\" width=\"496\" height=\"384\" srcset=\"https:\/\/www.galistra.pl\/wp-content\/uploads\/2021\/03\/galistra-1.jpg 991w, https:\/\/www.galistra.pl\/wp-content\/uploads\/2021\/03\/galistra-1-768x595.jpg 768w\" sizes=\"auto, (max-width: 496px) 100vw, 496px\" \/><figcaption><br\/><\/figcaption><\/figure><\/div>\n\n<p>Die <strong>Urspr\u00fcnge von Galistra &#8211; Structures<\/strong><br\/>Das Galistra-Baub\u00fcro ist seit 2012 in Betrieb. Urspr\u00fcnglich unter dem Namen Galistra &#8211; Konstrukcje, als der Gr\u00fcnder und Chefdesigner M.Sc. Mariusz Stanisz initiierte die Erstellung von B\u00fcrostandards. In den folgenden Jahren florierte das Unternehmen. Die bei der Durchf\u00fchrung und \u00dcberwachung von Investitionen gesammelten Erfahrungen haben zu zahlreichen Projekten gef\u00fchrt, die gem\u00e4\u00df den Anforderungen der Investoren ausgearbeitet wurden, und zu einer reibungslosen Zusammenarbeit mit zahlreichen Auftragnehmern.<\/p>\n\n<p><strong>Galistra heute<\/strong><br\/>Derzeit verf\u00fcgt das B\u00fcro \u00fcber ein Team, das sich aus Absolventen der Fakult\u00e4t f\u00fcr Bauingenieurwesen der Technischen Universit\u00e4t Krakau zusammensetzt, die bereit sind, jedes noch so komplexe technische Problem zu l\u00f6sen. Die Berufserfahrung unserer Mitarbeiter wird durch die erworbene Baulizenz f\u00fcr die Planung und Leitung von Bauarbeiten in der Fachrichtung Bau und Geb\u00e4ude ohne Einschr\u00e4nkungen best\u00e4tigt.  <\/p>\n\n<p>Die beste Empfehlung unseres B\u00fcros ist die lange Liste von Realisierungen, die nicht nur f\u00fcr Podhale, sondern auch f\u00fcr viele andere Orte in Polen ein Aush\u00e4ngeschild sind.<\/p>\n","protected":false},"excerpt":{"rendered":"<p>Wir sind spezialisiert auf effizientes Design Rationalisierung des Bauprozesses und Optimierung der Arbeits- und Materialkosten Die Urspr\u00fcnge von Galistra &#8211; StructuresDas Galistra-Baub\u00fcro ist seit 2012 in Betrieb. Urspr\u00fcnglich unter dem Namen Galistra &#8211; Konstrukcje, als der Gr\u00fcnder und Chefdesigner M.Sc. Mariusz Stanisz initiierte die Erstellung von B\u00fcrostandards. In den folgenden Jahren florierte das Unternehmen. Die [&hellip;]<\/p>\n","protected":false},"author":1,"featured_media":0,"parent":0,"menu_order":0,"comment_status":"closed","ping_status":"closed","template":"","meta":{"_acf_changed":false,"advgb_blocks_editor_width":"","advgb_blocks_columns_visual_guide":"","footnotes":""},"class_list":["post-5791","page","type-page","status-publish","hentry"],"acf":[],"aioseo_notices":[],"coauthors":[],"author_meta":{"author_link":"https:\/\/www.galistra.pl\/de\/author\/nf\/","display_name":"nf"},"relative_dates":{"created":"Ver\u00f6ffentlicht 5\u00a0Jahren vor","modified":"Aktualisiert 5\u00a0Monaten vor"},"absolute_dates":{"created":"Ver\u00f6ffentlicht am 26 Februar 2021","modified":"Aktualisiert am 8 Dezember 2025"},"absolute_dates_time":{"created":"Ver\u00f6ffentlicht am 26 Februar 2021 13:57","modified":"Aktualisiert am 8 Dezember 2025 09:30"},"featured_img_caption":"","featured_img":false,"series_order":"","_links":{"self":[{"href":"https:\/\/www.galistra.pl\/de\/wp-json\/wp\/v2\/pages\/5791","targetHints":{"allow":["GET"]}}],"collection":[{"href":"https:\/\/www.galistra.pl\/de\/wp-json\/wp\/v2\/pages"}],"about":[{"href":"https:\/\/www.galistra.pl\/de\/wp-json\/wp\/v2\/types\/page"}],"author":[{"embeddable":true,"href":"https:\/\/www.galistra.pl\/de\/wp-json\/wp\/v2\/users\/1"}],"replies":[{"embeddable":true,"href":"https:\/\/www.galistra.pl\/de\/wp-json\/wp\/v2\/comments?post=5791"}],"version-history":[{"count":1,"href":"https:\/\/www.galistra.pl\/de\/wp-json\/wp\/v2\/pages\/5791\/revisions"}],"predecessor-version":[{"id":5792,"href":"https:\/\/www.galistra.pl\/de\/wp-json\/wp\/v2\/pages\/5791\/revisions\/5792"}],"wp:attachment":[{"href":"https:\/\/www.galistra.pl\/de\/wp-json\/wp\/v2\/media?parent=5791"}],"curies":[{"name":"wp","href":"https:\/\/api.w.org\/{rel}","templated":true}]}}