{"id":5795,"date":"2021-02-26T14:10:22","date_gmt":"2021-02-26T13:10:22","guid":{"rendered":"https:\/\/www.galistra.pl\/angebot\/"},"modified":"2025-12-08T09:44:49","modified_gmt":"2025-12-08T08:44:49","slug":"angebot","status":"publish","type":"page","link":"https:\/\/www.galistra.pl\/de\/angebot\/","title":{"rendered":"Angebot"},"content":{"rendered":"\n<h3 class=\"wp-block-heading\">Das B\u00fcro \u00fcbernimmt die Realisierung von Projekten jeglicher Art im Bereich des konstruktiven Ingenieurbaus:<\/h3>\n\n<ul class=\"wp-block-list\"><li>Mehrfamilienh\u00e4usern<\/li><li>Hotels und Pensionen<\/li><li>Handels-, Produktions- und Lagergeb\u00e4uden sowie weiteren, auch unkonventionellen Ingenieurbauwerken<\/li><\/ul>\n<h3 class=\"wp-block-heading\">Wir arbeiten mit Softwarel\u00f6sungen der BIM-Umgebung:<\/h3>\n\n<ul class=\"wp-block-list\"><li>Autodesk Revit<\/li><li>Nemetschek Allplan<\/li><li>Nemetschek SCIA Engineer<\/li><\/ul>\n<h3 class=\"wp-block-heading\">Unsere umfangreiche Erfahrung in der Bauausf\u00fchrung erm\u00f6glicht es uns, auch w\u00e4hrend der Bauphase Leistungen in folgender Form zu erbringen:<\/h3>\n\n<ul class=\"wp-block-list\"><li>Bau\u00fcberwachung<\/li><li>Optimierung des Baumanagements<\/li><li>Beratung hinsichtlich der Organisation des Bauablaufs und der Auswahl optimaler Ausf\u00fchrungsmethoden<\/li><li>Bauherrenvertretung sowie Dienstleistungen in den Bereichen Mengenermittlung und Kostenkalkulation<\/li><li>Bauleitung<\/li><\/ul>\n<figure class=\"wp-block-gallery has-nested-images columns-default is-cropped wp-block-gallery-1 is-layout-flex wp-block-gallery-is-layout-flex advgb-dyn-282f8d9f\">\n<figure class=\"wp-block-image size-large is-style-default\"><img loading=\"lazy\" decoding=\"async\" width=\"900\" height=\"550\" data-id=\"1264\" src=\"https:\/\/www.galistra.pl\/wp-content\/uploads\/2021\/03\/3-budynki-mieszkalne-koscielisko_f_5_900_1-1.jpg\" alt=\"\" class=\"wp-image-1264\" srcset=\"https:\/\/www.galistra.pl\/wp-content\/uploads\/2021\/03\/3-budynki-mieszkalne-koscielisko_f_5_900_1-1.jpg 900w, https:\/\/www.galistra.pl\/wp-content\/uploads\/2021\/03\/3-budynki-mieszkalne-koscielisko_f_5_900_1-1-768x469.jpg 768w\" sizes=\"auto, (max-width: 900px) 100vw, 900px\" \/><\/figure>\n\n\n<figure class=\"wp-block-image size-large is-style-default\"><img loading=\"lazy\" decoding=\"async\" width=\"900\" height=\"550\" data-id=\"1265\" src=\"https:\/\/www.galistra.pl\/wp-content\/uploads\/2021\/03\/galeria-krupowki_f_2_900_1-1.jpg\" alt=\"\" class=\"wp-image-1265\" srcset=\"https:\/\/www.galistra.pl\/wp-content\/uploads\/2021\/03\/galeria-krupowki_f_2_900_1-1.jpg 900w, https:\/\/www.galistra.pl\/wp-content\/uploads\/2021\/03\/galeria-krupowki_f_2_900_1-1-768x469.jpg 768w\" sizes=\"auto, (max-width: 900px) 100vw, 900px\" \/><\/figure>\n\n\n<figure class=\"wp-block-image size-large is-style-default\"><img loading=\"lazy\" decoding=\"async\" width=\"1000\" height=\"666\" data-id=\"1881\" src=\"https:\/\/www.galistra.pl\/wp-content\/uploads\/2021\/05\/iZsxMVUuHCYBjxMGXE63UmqQNmXgmNOj8I0L6gnzVVsLuIkwcFesHjJyJ4qD_tree-house-office-05jpg-image1000x_.jpg\" alt=\"\" class=\"wp-image-1881\" srcset=\"https:\/\/www.galistra.pl\/wp-content\/uploads\/2021\/05\/iZsxMVUuHCYBjxMGXE63UmqQNmXgmNOj8I0L6gnzVVsLuIkwcFesHjJyJ4qD_tree-house-office-05jpg-image1000x_.jpg 1000w, https:\/\/www.galistra.pl\/wp-content\/uploads\/2021\/05\/iZsxMVUuHCYBjxMGXE63UmqQNmXgmNOj8I0L6gnzVVsLuIkwcFesHjJyJ4qD_tree-house-office-05jpg-image1000x_-768x511.jpg 768w\" sizes=\"auto, (max-width: 1000px) 100vw, 1000px\" \/><\/figure>\n\n\n<figure class=\"wp-block-image size-large is-style-default\"><img loading=\"lazy\" decoding=\"async\" width=\"1024\" height=\"768\" data-id=\"1883\" src=\"https:\/\/www.galistra.pl\/wp-content\/uploads\/2021\/05\/179652481_170472064953939_2919028864847242365_n-1024x768-1.jpg\" alt=\"\" class=\"wp-image-1883\" srcset=\"https:\/\/www.galistra.pl\/wp-content\/uploads\/2021\/05\/179652481_170472064953939_2919028864847242365_n-1024x768-1.jpg 1024w, https:\/\/www.galistra.pl\/wp-content\/uploads\/2021\/05\/179652481_170472064953939_2919028864847242365_n-1024x768-1-768x576.jpg 768w\" sizes=\"auto, (max-width: 1024px) 100vw, 1024px\" \/><\/figure>\n\n\n<figure class=\"wp-block-image size-large is-style-default\"><img loading=\"lazy\" decoding=\"async\" width=\"1600\" height=\"1000\" data-id=\"1884\" src=\"https:\/\/www.galistra.pl\/wp-content\/uploads\/2021\/05\/BRC_8.jpg\" alt=\"\" class=\"wp-image-1884\" srcset=\"https:\/\/www.galistra.pl\/wp-content\/uploads\/2021\/05\/BRC_8.jpg 1600w, https:\/\/www.galistra.pl\/wp-content\/uploads\/2021\/05\/BRC_8-768x480.jpg 768w, https:\/\/www.galistra.pl\/wp-content\/uploads\/2021\/05\/BRC_8-1536x960.jpg 1536w\" sizes=\"auto, (max-width: 1600px) 100vw, 1600px\" \/><\/figure>\n\n\n<figure class=\"wp-block-image size-large is-style-default\"><img loading=\"lazy\" decoding=\"async\" width=\"2560\" height=\"1320\" data-id=\"1885\" src=\"https:\/\/www.galistra.pl\/wp-content\/uploads\/2021\/05\/79200885_1213283692215478_3534800540359720960_n-scaled-2.jpg\" alt=\"\" class=\"wp-image-1885\" srcset=\"https:\/\/www.galistra.pl\/wp-content\/uploads\/2021\/05\/79200885_1213283692215478_3534800540359720960_n-scaled-2.jpg 2560w, https:\/\/www.galistra.pl\/wp-content\/uploads\/2021\/05\/79200885_1213283692215478_3534800540359720960_n-scaled-2-768x396.jpg 768w, https:\/\/www.galistra.pl\/wp-content\/uploads\/2021\/05\/79200885_1213283692215478_3534800540359720960_n-scaled-2-1536x792.jpg 1536w, https:\/\/www.galistra.pl\/wp-content\/uploads\/2021\/05\/79200885_1213283692215478_3534800540359720960_n-scaled-2-2048x1056.jpg 2048w\" sizes=\"auto, (max-width: 2560px) 100vw, 2560px\" \/><\/figure><\/figure>\n\n<div class=\"wp-block-group\"><div class=\"wp-block-group__inner-container is-layout-flow wp-block-group-is-layout-flow\">\n<figure class=\"wp-block-image size-full is-style-default\"><img loading=\"lazy\" decoding=\"async\" width=\"2560\" height=\"828\" src=\"https:\/\/www.galistra.pl\/wp-content\/uploads\/2024\/04\/KWZ-D-30-Zbrojenie-slupow-belek-oraz-rdzeni_page-0001-3-scaled.jpg\" alt=\"\" class=\"wp-image-2634\" srcset=\"https:\/\/www.galistra.pl\/wp-content\/uploads\/2024\/04\/KWZ-D-30-Zbrojenie-slupow-belek-oraz-rdzeni_page-0001-3-scaled.jpg 2560w, https:\/\/www.galistra.pl\/wp-content\/uploads\/2024\/04\/KWZ-D-30-Zbrojenie-slupow-belek-oraz-rdzeni_page-0001-3-768x248.jpg 768w, https:\/\/www.galistra.pl\/wp-content\/uploads\/2024\/04\/KWZ-D-30-Zbrojenie-slupow-belek-oraz-rdzeni_page-0001-3-1536x497.jpg 1536w, https:\/\/www.galistra.pl\/wp-content\/uploads\/2024\/04\/KWZ-D-30-Zbrojenie-slupow-belek-oraz-rdzeni_page-0001-3-2048x663.jpg 2048w\" sizes=\"auto, (max-width: 2560px) 100vw, 2560px\" \/><\/figure>\n\n\n<figure class=\"wp-block-image size-full is-style-default\"><img loading=\"lazy\" decoding=\"async\" width=\"2560\" height=\"1521\" src=\"https:\/\/www.galistra.pl\/wp-content\/uploads\/2024\/04\/KW-SP.H-01_01_page-0001-scaled.jpg\" alt=\"\" class=\"wp-image-2636\" srcset=\"https:\/\/www.galistra.pl\/wp-content\/uploads\/2024\/04\/KW-SP.H-01_01_page-0001-scaled.jpg 2560w, https:\/\/www.galistra.pl\/wp-content\/uploads\/2024\/04\/KW-SP.H-01_01_page-0001-768x456.jpg 768w, https:\/\/www.galistra.pl\/wp-content\/uploads\/2024\/04\/KW-SP.H-01_01_page-0001-1536x912.jpg 1536w, https:\/\/www.galistra.pl\/wp-content\/uploads\/2024\/04\/KW-SP.H-01_01_page-0001-2048x1216.jpg 2048w\" sizes=\"auto, (max-width: 2560px) 100vw, 2560px\" \/><\/figure>\n\n\n<figure class=\"wp-block-image size-full is-style-default\"><img loading=\"lazy\" decoding=\"async\" width=\"2560\" height=\"1267\" src=\"https:\/\/www.galistra.pl\/wp-content\/uploads\/2024\/04\/KWZ-09-Zbrojenie-konsol-pod-plyty-HC_page-0001-scaled.jpg\" alt=\"\" class=\"wp-image-2637\" srcset=\"https:\/\/www.galistra.pl\/wp-content\/uploads\/2024\/04\/KWZ-09-Zbrojenie-konsol-pod-plyty-HC_page-0001-scaled.jpg 2560w, https:\/\/www.galistra.pl\/wp-content\/uploads\/2024\/04\/KWZ-09-Zbrojenie-konsol-pod-plyty-HC_page-0001-768x380.jpg 768w, https:\/\/www.galistra.pl\/wp-content\/uploads\/2024\/04\/KWZ-09-Zbrojenie-konsol-pod-plyty-HC_page-0001-1536x760.jpg 1536w, https:\/\/www.galistra.pl\/wp-content\/uploads\/2024\/04\/KWZ-09-Zbrojenie-konsol-pod-plyty-HC_page-0001-2048x1013.jpg 2048w\" sizes=\"auto, (max-width: 2560px) 100vw, 2560px\" \/><\/figure>\n\n\n<figure class=\"wp-block-image size-full is-style-default\"><img loading=\"lazy\" decoding=\"async\" width=\"1506\" height=\"838\" src=\"https:\/\/www.galistra.pl\/wp-content\/uploads\/2024\/04\/1-3.png\" alt=\"\" class=\"wp-image-2639\" srcset=\"https:\/\/www.galistra.pl\/wp-content\/uploads\/2024\/04\/1-3.png 1506w, https:\/\/www.galistra.pl\/wp-content\/uploads\/2024\/04\/1-3-768x427.png 768w\" sizes=\"auto, (max-width: 1506px) 100vw, 1506px\" \/><\/figure><\/div><\/div>\n","protected":false},"excerpt":{"rendered":"<p>Das B\u00fcro \u00fcbernimmt die Realisierung von Projekten jeglicher Art im Bereich des konstruktiven Ingenieurbaus: Mehrfamilienh\u00e4usern Hotels und Pensionen Handels-, Produktions- und Lagergeb\u00e4uden sowie weiteren, auch unkonventionellen Ingenieurbauwerken Wir arbeiten mit Softwarel\u00f6sungen der BIM-Umgebung: Autodesk Revit Nemetschek Allplan Nemetschek SCIA Engineer Unsere umfangreiche Erfahrung in der Bauausf\u00fchrung erm\u00f6glicht es uns, auch w\u00e4hrend der Bauphase Leistungen in [&hellip;]<\/p>\n","protected":false},"author":1,"featured_media":0,"parent":0,"menu_order":0,"comment_status":"closed","ping_status":"closed","template":"","meta":{"_acf_changed":false,"advgb_blocks_editor_width":"","advgb_blocks_columns_visual_guide":"","footnotes":""},"class_list":["post-5795","page","type-page","status-publish","hentry"],"acf":[],"aioseo_notices":[],"coauthors":[],"author_meta":{"author_link":"https:\/\/www.galistra.pl\/de\/author\/nf\/","display_name":"nf"},"relative_dates":{"created":"Ver\u00f6ffentlicht 5\u00a0Jahren vor","modified":"Aktualisiert 5\u00a0Monaten vor"},"absolute_dates":{"created":"Ver\u00f6ffentlicht am 26 Februar 2021","modified":"Aktualisiert am 8 Dezember 2025"},"absolute_dates_time":{"created":"Ver\u00f6ffentlicht am 26 Februar 2021 14:10","modified":"Aktualisiert am 8 Dezember 2025 09:44"},"featured_img_caption":"","featured_img":false,"series_order":"","_links":{"self":[{"href":"https:\/\/www.galistra.pl\/de\/wp-json\/wp\/v2\/pages\/5795","targetHints":{"allow":["GET"]}}],"collection":[{"href":"https:\/\/www.galistra.pl\/de\/wp-json\/wp\/v2\/pages"}],"about":[{"href":"https:\/\/www.galistra.pl\/de\/wp-json\/wp\/v2\/types\/page"}],"author":[{"embeddable":true,"href":"https:\/\/www.galistra.pl\/de\/wp-json\/wp\/v2\/users\/1"}],"replies":[{"embeddable":true,"href":"https:\/\/www.galistra.pl\/de\/wp-json\/wp\/v2\/comments?post=5795"}],"version-history":[{"count":1,"href":"https:\/\/www.galistra.pl\/de\/wp-json\/wp\/v2\/pages\/5795\/revisions"}],"predecessor-version":[{"id":5796,"href":"https:\/\/www.galistra.pl\/de\/wp-json\/wp\/v2\/pages\/5795\/revisions\/5796"}],"wp:attachment":[{"href":"https:\/\/www.galistra.pl\/de\/wp-json\/wp\/v2\/media?parent=5795"}],"curies":[{"name":"wp","href":"https:\/\/api.w.org\/{rel}","templated":true}]}}