{"id":5799,"date":"2021-02-26T14:15:37","date_gmt":"2021-02-26T13:15:37","guid":{"rendered":"https:\/\/www.galistra.pl\/partner\/"},"modified":"2025-12-08T09:51:09","modified_gmt":"2025-12-08T08:51:09","slug":"partner","status":"publish","type":"page","link":"https:\/\/www.galistra.pl\/de\/partner\/","title":{"rendered":"Partner"},"content":{"rendered":"\n<div class=\"wp-block-columns is-layout-flex wp-container-core-columns-is-layout-9d6595d7 wp-block-columns-is-layout-flex\">\n<div class=\"wp-block-column is-layout-flow wp-block-column-is-layout-flow\">\n<figure class=\"wp-block-image size-large\"><img loading=\"lazy\" decoding=\"async\" width=\"320\" height=\"147\" src=\"https:\/\/www.galistra.pl\/wp-content\/uploads\/2021\/05\/nowi-1.png\" alt=\"\" class=\"wp-image-1795\"\/><\/figure>\n\n\n<h2 class=\"has-black-color has-text-color wp-block-heading\">N.O.W.I.<\/h2>\n\n\n\n<p>ul. Konopnickiej 6a<br\/>34-600 Limanowa <\/p>\n\n\n\n<p><a href=\"https:\/\/www.nowi.com.pl\" target=\"_blank\" rel=\"noreferrer noopener\">www.nowi.com.pl<\/a><\/p>\n<\/div>\n\n\n\n<div class=\"wp-block-column is-layout-flow wp-block-column-is-layout-flow\">\n<figure class=\"wp-block-image size-large\"><img loading=\"lazy\" decoding=\"async\" width=\"320\" height=\"147\" src=\"https:\/\/www.galistra.pl\/wp-content\/uploads\/2021\/05\/ruko.png\" alt=\"\" class=\"wp-image-1798\"\/><\/figure>\n\n\n<h2 class=\"wp-block-heading\"><strong>RUKO<\/strong><\/h2>\n\n\n\n<p>ul. Wicherkiewicza 23K<br\/>30-389 Krak\u00f3w <\/p>\n\n\n\n<p><a href=\"https:\/\/www.ruko-krakow.pl\"><\/a><a href=\"https:\/\/ruko-krakow.pl\/\" target=\"_blank\" rel=\"noreferrer noopener\">www.ruko-krakow.pl<\/a><\/p>\n<\/div>\n\n\n\n<div class=\"wp-block-column is-layout-flow wp-block-column-is-layout-flow\">\n<figure class=\"wp-block-image size-large\"><img loading=\"lazy\" decoding=\"async\" width=\"320\" height=\"147\" src=\"https:\/\/www.galistra.pl\/wp-content\/uploads\/2021\/05\/bentkowski.png\" alt=\"\" class=\"wp-image-1803\"\/><\/figure>\n\n\n<h2 class=\"has-black-color has-text-color wp-block-heading\"><strong>ARCHI-projekt<\/strong><br\/><strong>M. Bentkowski M. Kope\u0107<\/strong><\/h2>\n\n\n\n<p>ul. Chramc\u00f3wki 22<br\/>34-500 Zakopane <\/p>\n\n\n\n<p> <a href=\"https:\/\/bentkowskikopec.pl\" target=\"_blank\" rel=\"noreferrer noopener\">www.bentkowskikopec.pl<\/a><\/p>\n<\/div>\n\n\n\n<div class=\"wp-block-column is-layout-flow wp-block-column-is-layout-flow\">\n<h2 class=\"has-white-color has-text-color wp-block-heading\">Iliard<\/h2>\n\n\n<div class=\"wp-block-image\">\n<figure class=\"aligncenter size-full is-resized\"><img loading=\"lazy\" decoding=\"async\" src=\"https:\/\/www.galistra.pl\/wp-content\/uploads\/2024\/04\/images-edited.jpeg\" alt=\"\" class=\"wp-image-2457\" width=\"334\" height=\"66\"\/><\/figure><\/div>\n\n\n<p class=\"has-white-color has-text-color\">Iliard<\/p>\n\n\n\n<p class=\"has-black-color has-text-color\" style=\"font-size:25px\"><strong>Iliard<\/strong><\/p>\n\n\n\n<p>ul. Ko\u0142owa 8<br\/>30-134 Krak\u00f3w <\/p>\n\n\n\n<p> <a href=\"https:\/\/www.iliard.pl\">https:\/\/www.iliard.pl<\/a><\/p>\n<\/div>\n<\/div>\n\n<div class=\"wp-block-columns is-layout-flex wp-container-core-columns-is-layout-9d6595d7 wp-block-columns-is-layout-flex\">\n<div class=\"wp-block-column is-layout-flow wp-block-column-is-layout-flow\">\n<figure class=\"wp-block-image size-large\"><img loading=\"lazy\" decoding=\"async\" width=\"320\" height=\"147\" src=\"https:\/\/www.galistra.pl\/wp-content\/uploads\/2021\/05\/matik.png\" alt=\"\" class=\"wp-image-1804\"\/><\/figure>\n\n\n<h2 class=\"wp-block-heading\"><strong>Matik<\/strong><\/h2>\n\n\n\n<p>ul. Koletek 4\/6<br\/>31-069 Krak\u00f3w <\/p>\n\n\n\n<p><a href=\"https:\/\/www.matik.studio\/\" target=\"_blank\" rel=\"noreferrer noopener\">www.matik.studio<\/a><\/p>\n<\/div>\n\n\n\n<div class=\"wp-block-column is-layout-flow wp-block-column-is-layout-flow\">\n<figure class=\"wp-block-image size-large\"><img loading=\"lazy\" decoding=\"async\" width=\"320\" height=\"147\" src=\"https:\/\/www.galistra.pl\/wp-content\/uploads\/2021\/05\/slowik-1.png\" alt=\"\" class=\"wp-image-1809\"\/><\/figure>\n\n\n<h2 class=\"wp-block-heading\"><strong><strong>S\u0142owik Architektura<\/strong><\/strong><\/h2>\n\n\n\n<p>ul. Grunwaldzka 19<br\/>34-500 Zakopane <\/p>\n\n\n\n<p><a href=\"https:\/\/www.slowikarchitektura.pl\/\" target=\"_blank\" rel=\"noreferrer noopener\">www.slowikarchitektura.pl<\/a><\/p>\n<\/div>\n\n\n\n<div class=\"wp-block-column is-layout-flow wp-block-column-is-layout-flow\">\n<figure class=\"wp-block-image size-large\"><img loading=\"lazy\" decoding=\"async\" width=\"320\" height=\"147\" src=\"https:\/\/www.galistra.pl\/wp-content\/uploads\/2021\/05\/btb-1.png\" alt=\"\" class=\"wp-image-1810\"\/><\/figure>\n\n\n<h2 class=\"wp-block-heading\"><strong>BTB Studio <\/strong><\/h2>\n\n\n\n<p>Tymbark 499<br\/>34-650 Tymbark<\/p>\n\n\n\n<p><a href=\"https:\/\/btbstudio.pl\/\" target=\"_blank\" rel=\"noreferrer noopener\">www.btbstudio.pl<\/a><\/p>\n<\/div>\n\n\n\n<div class=\"wp-block-column is-layout-flow wp-block-column-is-layout-flow\">\n<p class=\"has-white-color has-text-color\"><\/p>\n\n\n\n<p class=\"has-white-color has-text-color\">ass<\/p>\n\n\n\n<p class=\"has-white-color has-text-color\"> <\/p>\n\n\n<div class=\"wp-block-image\">\n<figure class=\"aligncenter size-large is-resized advgb-dyn-a2bb345e\"><img loading=\"lazy\" decoding=\"async\" src=\"https:\/\/www.galistra.pl\/wp-content\/uploads\/2021\/05\/agk-architekci.png\" alt=\"\" class=\"wp-image-1856\" width=\"288\" height=\"69\"\/><\/figure><\/div>\n\n\n<p class=\"has-white-color has-text-color has-small-font-size\"> <\/p>\n\n\n\n<h2 class=\"has-black-color has-text-color wp-block-heading\"><strong>AGK Architekci AW<\/strong><\/h2>\n\n\n\n<p>ul. Komitetu Obrony Robotnik\u00f3w 32<br\/>02-148 Warszawa <\/p>\n\n\n\n<p> <a href=\"https:\/\/https:\/\/agk.com.pl\" target=\"_blank\" rel=\"noreferrer noopener\"><\/a><a href=\"https:\/\/agk.com.pl\" target=\"_blank\" rel=\"noreferrer noopener\">www.agk.com.pl<\/a><\/p>\n<\/div>\n<\/div>\n\n<div class=\"wp-block-columns is-layout-flex wp-container-core-columns-is-layout-9d6595d7 wp-block-columns-is-layout-flex\">\n<div class=\"wp-block-column is-layout-flow wp-block-column-is-layout-flow\">\n<figure class=\"wp-block-image size-large\"><img loading=\"lazy\" decoding=\"async\" width=\"320\" height=\"147\" src=\"https:\/\/www.galistra.pl\/wp-content\/uploads\/2021\/05\/plombier.png\" alt=\"\" class=\"wp-image-1812\"\/><\/figure>\n\n\n<h2 class=\"wp-block-heading\"><strong><strong>Plombier<\/strong><\/strong><\/h2>\n\n\n\n<p>ul. Ko\u015bciuszki 74<br\/>34-600 Limanowa <\/p>\n\n\n\n<p><a href=\"https:\/\/www.plombier.pl\/\" target=\"_blank\" rel=\"noreferrer noopener\">www.plombier.pl<\/a><\/p>\n<\/div>\n\n\n\n<div class=\"wp-block-column is-layout-flow wp-block-column-is-layout-flow\">\n<figure class=\"wp-block-image size-large\"><img loading=\"lazy\" decoding=\"async\" width=\"320\" height=\"147\" src=\"https:\/\/www.galistra.pl\/wp-content\/uploads\/2021\/05\/elektropol.png\" alt=\"\" class=\"wp-image-1813\"\/><\/figure>\n\n\n<h2 class=\"wp-block-heading\"><strong>Elektropol<\/strong><\/h2>\n\n\n\n<p>ul. Zygmunta Augusta 6\/22<br\/>34-600 Limanowa <\/p>\n\n\n\n<p><a href=\"https:\/\/www.elektropol24.pl\" target=\"_blank\" rel=\"noreferrer noopener\">www.elektropol24.pl<\/a><\/p>\n<\/div>\n\n\n\n<div class=\"wp-block-column is-layout-flow wp-block-column-is-layout-flow\">\n<figure class=\"wp-block-image size-large\"><img loading=\"lazy\" decoding=\"async\" width=\"320\" height=\"147\" src=\"https:\/\/www.galistra.pl\/wp-content\/uploads\/2021\/05\/dodd.png\" alt=\"\" class=\"wp-image-1815\"\/><\/figure>\n\n\n<h2 class=\"wp-block-heading\"><strong>Dodd-Inwest<\/strong><\/h2>\n\n\n\n<p>ul. Makuszy\u0144skiego 7\/4<br\/>34-500 Zakopane <\/p>\n\n\n\n<p><a href=\"http:\/\/www.doddinwest.com\" target=\"_blank\" rel=\"noreferrer noopener\">www.doddinwest.com<\/a><\/p>\n\n\n\n<p> <\/p>\n<\/div>\n\n\n\n<div class=\"wp-block-column is-layout-flow wp-block-column-is-layout-flow\">\n<figure class=\"wp-block-image size-large\"><img loading=\"lazy\" decoding=\"async\" width=\"320\" height=\"147\" src=\"https:\/\/www.galistra.pl\/wp-content\/uploads\/2021\/05\/grimbud.png\" alt=\"\" class=\"wp-image-1816\"\/><\/figure>\n\n\n<h2 class=\"wp-block-heading\"><strong>Grimbud<\/strong><\/h2>\n\n\n\n<p>ul. Jana Paw\u0142a II 28<br\/>33-300 Nowy S\u0105cz <\/p>\n\n\n\n<p><a href=\"http:\/\/www.grimbud.pl\/\" target=\"_blank\" rel=\"noreferrer noopener\">www.grimbud.pl<\/a><\/p>\n\n\n\n<p> <\/p>\n<\/div>\n<\/div>\n\n<div class=\"wp-block-columns is-layout-flex wp-container-core-columns-is-layout-9d6595d7 wp-block-columns-is-layout-flex\">\n<div class=\"wp-block-column is-layout-flow wp-block-column-is-layout-flow\"><div class=\"wp-block-image\">\n<figure class=\"alignleft size-large advgb-dyn-ed6ff6de\"><img loading=\"lazy\" decoding=\"async\" width=\"320\" height=\"147\" src=\"https:\/\/www.galistra.pl\/wp-content\/uploads\/2021\/05\/archi-1.png\" alt=\"\" class=\"wp-image-1807\"\/><\/figure><\/div>\n\n\n<h2 class=\"wp-block-heading\"><strong>SP Projekt<\/strong><\/h2>\n\n\n\n<p>ul. Kra\u0144cowa 14<br\/>33-300 Nowy S\u0105cz <\/p>\n\n\n\n<p> <a href=\"http:\/\/www.spprojekt.com\/\" target=\"_blank\" rel=\"noreferrer noopener\">www.spprojekt.com<\/a><\/p>\n<\/div>\n\n\n\n<div class=\"wp-block-column is-vertically-aligned-top is-layout-flow wp-block-column-is-layout-flow\">\n<figure class=\"wp-block-image size-large\"><img loading=\"lazy\" decoding=\"async\" width=\"320\" height=\"147\" src=\"https:\/\/www.galistra.pl\/wp-content\/uploads\/2021\/05\/gruber.png\" alt=\"\" class=\"wp-image-1822\"\/><\/figure>\n\n\n<h2 class=\"wp-block-heading\"><strong><strong>Maciej Gruber Architektura i Nieruchomo\u015bci<\/strong><\/strong><\/h2>\n\n\n\n<p>ul. Cyrhla 10A\/14<br\/>34-500 Zakopane <\/p>\n<\/div>\n\n\n\n<div class=\"wp-block-column is-layout-flow wp-block-column-is-layout-flow\">\n<p><\/p>\n\n\n\n<p> <\/p>\n\n\n\n<p> <\/p>\n\n\n\n<figure class=\"wp-block-image size-full is-resized\"><img loading=\"lazy\" decoding=\"async\" src=\"https:\/\/www.galistra.pl\/wp-content\/uploads\/2021\/08\/logoo-a-1-scaled.jpg\" alt=\"\" class=\"wp-image-1983\" width=\"349\" height=\"105\"\/><\/figure>\n\n\n<h2 class=\"wp-block-heading\"><br\/>Ar De Studio<\/h2>\n\n\n\n<p>ul. Koletek 4\/6<br\/>31-069 Krak\u00f3w <br\/><a href=\"http:\/\/www.ardestudio.pl\/\" target=\"_blank\" rel=\"noreferrer noopener\">www.ardestudio.pl<\/a><\/p>\n<\/div>\n\n\n\n<div class=\"wp-block-column is-layout-flow wp-block-column-is-layout-flow\">\n<figure class=\"wp-block-image size-large is-resized\"><img loading=\"lazy\" decoding=\"async\" src=\"https:\/\/www.galistra.pl\/wp-content\/uploads\/2021\/05\/upstudio.png\" alt=\"\" class=\"wp-image-1820\" width=\"326\" height=\"150\"\/><\/figure>\n\n\n<h2 class=\"wp-block-heading\"><strong><strong>Marek Szpakiewicz Up Studio<\/strong><\/strong><\/h2>\n\n\n\n<p>ul. Szwedzka 20<br\/>30-324 Krak\u00f3w <\/p>\n\n\n\n<p> <\/p>\n<\/div>\n<\/div>\n\n<div class=\"wp-block-columns are-vertically-aligned-center is-layout-flex wp-container-core-columns-is-layout-9d6595d7 wp-block-columns-is-layout-flex\">\n<div class=\"wp-block-column is-vertically-aligned-center is-layout-flow wp-block-column-is-layout-flow\">\n<figure class=\"wp-block-image size-large is-style-default\"><img loading=\"lazy\" decoding=\"async\" width=\"320\" height=\"147\" src=\"https:\/\/www.galistra.pl\/wp-content\/uploads\/2021\/05\/karpiel.png\" alt=\"\" class=\"wp-image-1801\"\/><\/figure>\n\n\n<h2 class=\"wp-block-heading\"><strong>Karpiel i Steindel<\/strong><\/h2>\n\n\n\n<p>ul. Mariana Zaj\u0105ca 6<br\/>34-500 Zakopane  <\/p>\n\n\n\n<p> <a href=\"http:\/\/www.karpielsteindel.eu\/\" target=\"_blank\" rel=\"noreferrer noopener\">www.karpielsteindel.eu<\/a><\/p>\n<\/div>\n\n\n\n<div class=\"wp-block-column is-vertically-aligned-center is-layout-flow wp-block-column-is-layout-flow\">\n<figure class=\"wp-block-image size-large\"><img loading=\"lazy\" decoding=\"async\" width=\"320\" height=\"147\" src=\"https:\/\/www.galistra.pl\/wp-content\/uploads\/2021\/05\/dioptra.png\" alt=\"\" class=\"wp-image-1818\"\/><\/figure>\n\n\n<h2 class=\"wp-block-heading\"><strong>B.I DIOPTRA<\/strong><\/h2>\n\n\n\n<p>\u015awidnik 177<br\/>34-606 \u0141ukowica<br\/><a href=\"http:\/\/www.dioptra.pl\/\" target=\"_blank\" rel=\"noreferrer noopener\">www.dioptra.pl<\/a><\/p>\n<\/div>\n\n\n\n<div class=\"wp-block-column is-layout-flow wp-block-column-is-layout-flow\"><\/div>\n\n\n\n<div class=\"wp-block-column is-layout-flow wp-block-column-is-layout-flow\"><\/div>\n<\/div>\n\n<p><\/p>\n","protected":false},"excerpt":{"rendered":"<p>N.O.W.I. ul. Konopnickiej 6a34-600 Limanowa www.nowi.com.pl RUKO ul. Wicherkiewicza 23K30-389 Krak\u00f3w www.ruko-krakow.pl ARCHI-projektM. Bentkowski M. Kope\u0107 ul. Chramc\u00f3wki 2234-500 Zakopane www.bentkowskikopec.pl Iliard Iliard Iliard ul. Ko\u0142owa 830-134 Krak\u00f3w https:\/\/www.iliard.pl Matik ul. Koletek 4\/631-069 Krak\u00f3w www.matik.studio S\u0142owik Architektura ul. Grunwaldzka 1934-500 Zakopane www.slowikarchitektura.pl BTB Studio Tymbark 49934-650 Tymbark www.btbstudio.pl ass AGK Architekci AW ul. Komitetu Obrony [&hellip;]<\/p>\n","protected":false},"author":1,"featured_media":0,"parent":0,"menu_order":0,"comment_status":"closed","ping_status":"closed","template":"","meta":{"_acf_changed":false,"advgb_blocks_editor_width":"","advgb_blocks_columns_visual_guide":"","footnotes":""},"class_list":["post-5799","page","type-page","status-publish","hentry"],"acf":[],"aioseo_notices":[],"coauthors":[],"author_meta":{"author_link":"https:\/\/www.galistra.pl\/de\/author\/nf\/","display_name":"nf"},"relative_dates":{"created":"Ver\u00f6ffentlicht 5\u00a0Jahren vor","modified":"Aktualisiert 5\u00a0Monaten vor"},"absolute_dates":{"created":"Ver\u00f6ffentlicht am 26 Februar 2021","modified":"Aktualisiert am 8 Dezember 2025"},"absolute_dates_time":{"created":"Ver\u00f6ffentlicht am 26 Februar 2021 14:15","modified":"Aktualisiert am 8 Dezember 2025 09:51"},"featured_img_caption":"","featured_img":false,"series_order":"","_links":{"self":[{"href":"https:\/\/www.galistra.pl\/de\/wp-json\/wp\/v2\/pages\/5799","targetHints":{"allow":["GET"]}}],"collection":[{"href":"https:\/\/www.galistra.pl\/de\/wp-json\/wp\/v2\/pages"}],"about":[{"href":"https:\/\/www.galistra.pl\/de\/wp-json\/wp\/v2\/types\/page"}],"author":[{"embeddable":true,"href":"https:\/\/www.galistra.pl\/de\/wp-json\/wp\/v2\/users\/1"}],"replies":[{"embeddable":true,"href":"https:\/\/www.galistra.pl\/de\/wp-json\/wp\/v2\/comments?post=5799"}],"version-history":[{"count":1,"href":"https:\/\/www.galistra.pl\/de\/wp-json\/wp\/v2\/pages\/5799\/revisions"}],"predecessor-version":[{"id":5800,"href":"https:\/\/www.galistra.pl\/de\/wp-json\/wp\/v2\/pages\/5799\/revisions\/5800"}],"wp:attachment":[{"href":"https:\/\/www.galistra.pl\/de\/wp-json\/wp\/v2\/media?parent=5799"}],"curies":[{"name":"wp","href":"https:\/\/api.w.org\/{rel}","templated":true}]}}