{"id":5803,"date":"2021-02-11T10:32:30","date_gmt":"2021-02-11T09:32:30","guid":{"rendered":"https:\/\/www.galistra.pl\/datenschutzerklaerung\/"},"modified":"2025-12-08T10:11:59","modified_gmt":"2025-12-08T09:11:59","slug":"datenschutzerklaerung","status":"publish","type":"page","link":"https:\/\/www.galistra.pl\/de\/datenschutzerklaerung\/","title":{"rendered":"Datenschutzerkl\u00e4rung"},"content":{"rendered":"\n<p>Grunds\u00e4tze f\u00fcr die Verarbeitung personenbezogener Daten und die Verwendung von Cookies im Zusammenhang mit der Nutzung der Website https:\/\/www.galistra.pl<\/p>\n\n<p>Verantwortlicher f\u00fcr Ihre personenbezogenen Daten im Sinne der Datenschutzvorschriften ist Galistra &#8211; Sp\u00f3\u0142ka z o.o. Sp.k., \u015awidnik 161, 34-606 \u0141ukowica, Woiwodschaft Kleinpolen, Steuer-ID (NIP) 737 220 75 28, Handelsregister (KRS) 0000604898.<\/p>\n\n<p>Sollten Sie Fragen zur Datenschutzerkl\u00e4rung haben, k\u00f6nnen Sie uns jederzeit kontaktieren, indem Sie eine Nachricht an pracownia@galistra.pl senden.<\/p>\n\n<p>Wir beauftragen mit der Verarbeitung personenbezogener Daten nur gepr\u00fcfte und vertrauensw\u00fcrdige Dienstleister, die Leistungen im Zusammenhang mit der Datenverarbeitung erbringen.<\/p>\n\n<p>Wir verwenden Analysetools von Google Analytics, die Informationen \u00fcber Ihre Seitenbesuche sammeln, wie z. B. die aufgerufenen Unterseiten, die auf der Website verbrachte Zeit oder \u00dcberg\u00e4nge zwischen einzelnen Unterseiten. Zu diesem Zweck werden Cookies der Google LLC f\u00fcr den Dienst Google Analytics verwendet. Im Rahmen der Cookie-Einstellungen haben Sie die M\u00f6glichkeit zu entscheiden, ob wir im Rahmen von Google Analytics auch Marketingfunktionen nutzen d\u00fcrfen oder nicht.  <\/p>\n\n<p>Wir nutzen Remarketing-Tools von Google AdWords. Dies ist mit der Verwendung von Cookies der Google LLC f\u00fcr den Dienst Google AdWords verbunden. Im Rahmen der Cookie-Einstellungen haben Sie die M\u00f6glichkeit zu entscheiden, ob wir Google AdWords in Ihrem Fall nutzen d\u00fcrfen oder nicht.  <\/p>\n\n<p>Wir bieten die M\u00f6glichkeit, Social-Media-Funktionen zu nutzen, wie z. B. das Teilen von Inhalten in sozialen Netzwerken und das Abonnieren von sozialen Profilen. Die Nutzung dieser Funktionen ist mit der Verwendung von Cookies der Betreiber der sozialen Netzwerke verbunden. <\/p>\n\n<p>Wir verwenden eigene Cookies, um die ordnungsgem\u00e4\u00dfe Funktion der Website zu gew\u00e4hrleisten.<\/p>\n","protected":false},"excerpt":{"rendered":"<p>Grunds\u00e4tze f\u00fcr die Verarbeitung personenbezogener Daten und die Verwendung von Cookies im Zusammenhang mit der Nutzung der Website https:\/\/www.galistra.pl Verantwortlicher f\u00fcr Ihre personenbezogenen Daten im Sinne der Datenschutzvorschriften ist Galistra &#8211; Sp\u00f3\u0142ka z o.o. Sp.k., \u015awidnik 161, 34-606 \u0141ukowica, Woiwodschaft Kleinpolen, Steuer-ID (NIP) 737 220 75 28, Handelsregister (KRS) 0000604898. Sollten Sie Fragen zur Datenschutzerkl\u00e4rung [&hellip;]<\/p>\n","protected":false},"author":1,"featured_media":0,"parent":0,"menu_order":0,"comment_status":"closed","ping_status":"open","template":"","meta":{"_acf_changed":false,"advgb_blocks_editor_width":"","advgb_blocks_columns_visual_guide":"","footnotes":""},"class_list":["post-5803","page","type-page","status-publish","hentry"],"acf":[],"aioseo_notices":[],"coauthors":[],"author_meta":{"author_link":"https:\/\/www.galistra.pl\/de\/author\/nf\/","display_name":"nf"},"relative_dates":{"created":"Ver\u00f6ffentlicht 5\u00a0Jahren vor","modified":"Aktualisiert 5\u00a0Monaten vor"},"absolute_dates":{"created":"Ver\u00f6ffentlicht am 11 Februar 2021","modified":"Aktualisiert am 8 Dezember 2025"},"absolute_dates_time":{"created":"Ver\u00f6ffentlicht am 11 Februar 2021 10:32","modified":"Aktualisiert am 8 Dezember 2025 10:11"},"featured_img_caption":"","featured_img":false,"series_order":"","_links":{"self":[{"href":"https:\/\/www.galistra.pl\/de\/wp-json\/wp\/v2\/pages\/5803","targetHints":{"allow":["GET"]}}],"collection":[{"href":"https:\/\/www.galistra.pl\/de\/wp-json\/wp\/v2\/pages"}],"about":[{"href":"https:\/\/www.galistra.pl\/de\/wp-json\/wp\/v2\/types\/page"}],"author":[{"embeddable":true,"href":"https:\/\/www.galistra.pl\/de\/wp-json\/wp\/v2\/users\/1"}],"replies":[{"embeddable":true,"href":"https:\/\/www.galistra.pl\/de\/wp-json\/wp\/v2\/comments?post=5803"}],"version-history":[{"count":1,"href":"https:\/\/www.galistra.pl\/de\/wp-json\/wp\/v2\/pages\/5803\/revisions"}],"predecessor-version":[{"id":5804,"href":"https:\/\/www.galistra.pl\/de\/wp-json\/wp\/v2\/pages\/5803\/revisions\/5804"}],"wp:attachment":[{"href":"https:\/\/www.galistra.pl\/de\/wp-json\/wp\/v2\/media?parent=5803"}],"curies":[{"name":"wp","href":"https:\/\/api.w.org\/{rel}","templated":true}]}}