{"id":5807,"date":"2021-03-22T11:50:47","date_gmt":"2021-03-22T10:50:47","guid":{"rendered":"https:\/\/www.galistra.pl\/waermepumpe\/"},"modified":"2025-12-08T10:30:13","modified_gmt":"2025-12-08T09:30:13","slug":"waermepumpe","status":"publish","type":"page","link":"https:\/\/www.galistra.pl\/de\/waermepumpe\/","title":{"rendered":"W\u00e4rmepumpe"},"content":{"rendered":"\n<h2 class=\"wp-block-heading\">W\u00e4rmepumpe<\/h2>\n\n<p>Vor wenigen Jahren noch ein exotisches Ger\u00e4t f\u00fcr Wohlhabende, beheizt sie heute immer mehr gew\u00f6hnliche polnische Eigenheime. Die technologische Entwicklung von W\u00e4rmepumpen (insbesondere Luftw\u00e4rmepumpen) hat deren Kosten gesenkt und die Leistung verbessert, sodass die W\u00e4rmepumpe mittlerweile selbst gegen\u00fcber Kesseln f\u00fcr \u00d6ko-Erbsenkohle kosteneffizient ist. Dar\u00fcber hinaus kann sie in Kombination mit einer Photovoltaikanlage ein nahezu kostenloses Heizen erm\u00f6glichen (nebenbei bemerkt handelt es sich hierbei, zusammen mit modernen Holzkesseln und -\u00f6fen, um eine der beiden \u00f6kologischsten \u2013 also erneuerbaren und sehr sauberen \u2013 W\u00e4rmequellen).<\/p>\n\n<h2 class=\"wp-block-heading\">Wie funktioniert eine W\u00e4rmepumpe?<\/h2>\n\n<div class=\"wp-block-image\"><figure class=\"alignleft size-large is-resized\"><img loading=\"lazy\" decoding=\"async\" src=\"https:\/\/www.galistra.pl\/wp-content\/uploads\/2021\/03\/pc.jpg\" alt=\"\" class=\"wp-image-1301\" width=\"471\" height=\"375\" srcset=\"https:\/\/www.galistra.pl\/wp-content\/uploads\/2021\/03\/pc.jpg 942w, https:\/\/www.galistra.pl\/wp-content\/uploads\/2021\/03\/pc-768x611.jpg 768w\" sizes=\"auto, (max-width: 471px) 100vw, 471px\" \/><\/figure><\/div>\n\n<p>Die meisten von uns haben schon immer eine W\u00e4rmepumpe zu Hause. Dazu z\u00e4hlt jeder Haushaltsk\u00fchlschrank oder jede Gefriertruhe. Ebenso wie Klimaanlagen. Eine W\u00e4rmepumpe arbeitet nach denselben Prinzipien \u2013 nur in umgekehrter Richtung: Anstatt zu k\u00fchlen, heizt sie (kann aber auch k\u00fchlen). Genauer gesagt: Es handelt sich um den umgekehrten Carnot-Prozess, den wir in der Schule im Kontext der Dampfmaschine kennengelernt haben: In einer Dampfmaschine erzeugt W\u00e4rme Druck, der anschlie\u00dfend in mechanische Energie umgewandelt wird; der Wirkungsgrad ist hier eher gering, von wenigen Prozent bis vielleicht 30 %.<\/p>\n\n<p>Die W\u00e4rmepumpe macht es umgekehrt: Mechanische Energie (ein elektrisch betriebener Verdichter) erzeugt Druck, der es erm\u00f6glicht, W\u00e4rme von einem Ort mit niedrigerer Temperatur an einen Ort mit h\u00f6herer Temperatur zu transportieren (entgegen dem nat\u00fcrlichen W\u00e4rmefluss); auch der Wirkungsgrad ist \u201eumgekehrt\u201c: Aus einer Stromeinheit werden mehrere W\u00e4rmeeinheiten gewonnen.<\/p>\n\n<p>Das ist genau die \u201eMagie\u201c der W\u00e4rmepumpe: Sie liefert ein Vielfaches mehr an W\u00e4rme, als sie an Strom verbraucht. Dies ist keineswegs ein Versto\u00df gegen die Grundlagen der Physik \u2013 die W\u00e4rme wird in der W\u00e4rmepumpe nicht erzeugt, sondern von \u201eirgendwoher\u201c transportiert \u2013 meist aus der Luft, dem Wasser oder dem Grundwasser. Daher auch der Name: W\u00e4rmepumpe \u2013 da ihre Funktionsweise analog zu einer Wasserpumpe ist.<\/p>\n\n<h2 class=\"wp-block-heading\">Umfassender Service \u2013 Beratung, Auswahl, Realisierung<\/h2>\n\n<div class=\"wp-block-image\"><figure class=\"alignright size-large is-resized\"><img decoding=\"async\" src=\"https:\/\/www.galistra.pl\/wp-content\/uploads\/2021\/03\/pompy-ciepla-wprowadzenie-scaled.jpg\" alt=\"\" class=\"wp-image-1353\" width=\"426\" height=\"NaN\" srcset=\"https:\/\/www.galistra.pl\/wp-content\/uploads\/2021\/03\/pompy-ciepla-wprowadzenie-scaled.jpg 2560w, https:\/\/www.galistra.pl\/wp-content\/uploads\/2021\/03\/pompy-ciepla-wprowadzenie-768x512.jpg 768w, https:\/\/www.galistra.pl\/wp-content\/uploads\/2021\/03\/pompy-ciepla-wprowadzenie-1536x1024.jpg 1536w, https:\/\/www.galistra.pl\/wp-content\/uploads\/2021\/03\/pompy-ciepla-wprowadzenie-2048x1365.jpg 2048w\" sizes=\"(max-width: 2560px) 100vw, 2560px\" \/><\/figure><\/div>\n\n<p>Die Firma Galistra bietet umfassende Dienstleistungen in den Bereichen Beratung, Auswahl, Verkauf sowie Montage und Wartung von Luftw\u00e4rmepumpen an. Wir befassen uns auch mit der Auswahl und Montage von Photovoltaikmodulen, die \u2013 haupts\u00e4chlich ma\u00dfgeschneidert f\u00fcr Einfamilienh\u00e4user \u2013 Strom erzeugen und unsere Haushalte versorgen.<\/p>\n\n<p>Wir stellen uns auch Herausforderungen im Bereich der Planung und Montage von Rekuperationssystemen \u2013 Sie k\u00f6nnen uns die Ausf\u00fchrung von mechanischen L\u00fcftungsanlagen mit W\u00e4rmer\u00fcckgewinnung von A bis Z anvertrauen. Zudem bieten wir Unterst\u00fctzung bei der Beantragung von F\u00f6rdermitteln im Zusammenhang mit staatlichen Programmen zur F\u00f6rderung erneuerbarer Energien und anderer umweltfreundlicher L\u00f6sungen, wie \u201eCzyste powietrze\u201c (Saubere Luft) oder \u201eM\u00f3j Pr\u0105d\u201c (Mein Strom).<\/p>\n\n<p><strong>Kontaktieren Sie uns<\/strong><\/p>\n\n<p>+<strong>48 608-648-117<\/strong><br\/><strong>pompyciepla@galistra.pl<\/strong><\/p>\n","protected":false},"excerpt":{"rendered":"<p>W\u00e4rmepumpe Vor wenigen Jahren noch ein exotisches Ger\u00e4t f\u00fcr Wohlhabende, beheizt sie heute immer mehr gew\u00f6hnliche polnische Eigenheime. Die technologische Entwicklung von W\u00e4rmepumpen (insbesondere Luftw\u00e4rmepumpen) hat deren Kosten gesenkt und die Leistung verbessert, sodass die W\u00e4rmepumpe mittlerweile selbst gegen\u00fcber Kesseln f\u00fcr \u00d6ko-Erbsenkohle kosteneffizient ist. Dar\u00fcber hinaus kann sie in Kombination mit einer Photovoltaikanlage ein nahezu [&hellip;]<\/p>\n","protected":false},"author":1,"featured_media":0,"parent":0,"menu_order":0,"comment_status":"closed","ping_status":"closed","template":"","meta":{"_acf_changed":false,"advgb_blocks_editor_width":"","advgb_blocks_columns_visual_guide":"","footnotes":""},"class_list":["post-5807","page","type-page","status-publish","hentry"],"acf":[],"aioseo_notices":[],"coauthors":[],"author_meta":{"author_link":"https:\/\/www.galistra.pl\/de\/author\/nf\/","display_name":"nf"},"relative_dates":{"created":"Ver\u00f6ffentlicht 5\u00a0Jahren vor","modified":"Aktualisiert 5\u00a0Monaten vor"},"absolute_dates":{"created":"Ver\u00f6ffentlicht am 22 M\u00e4rz 2021","modified":"Aktualisiert am 8 Dezember 2025"},"absolute_dates_time":{"created":"Ver\u00f6ffentlicht am 22 M\u00e4rz 2021 11:50","modified":"Aktualisiert am 8 Dezember 2025 10:30"},"featured_img_caption":"","featured_img":false,"series_order":"","_links":{"self":[{"href":"https:\/\/www.galistra.pl\/de\/wp-json\/wp\/v2\/pages\/5807","targetHints":{"allow":["GET"]}}],"collection":[{"href":"https:\/\/www.galistra.pl\/de\/wp-json\/wp\/v2\/pages"}],"about":[{"href":"https:\/\/www.galistra.pl\/de\/wp-json\/wp\/v2\/types\/page"}],"author":[{"embeddable":true,"href":"https:\/\/www.galistra.pl\/de\/wp-json\/wp\/v2\/users\/1"}],"replies":[{"embeddable":true,"href":"https:\/\/www.galistra.pl\/de\/wp-json\/wp\/v2\/comments?post=5807"}],"version-history":[{"count":1,"href":"https:\/\/www.galistra.pl\/de\/wp-json\/wp\/v2\/pages\/5807\/revisions"}],"predecessor-version":[{"id":5808,"href":"https:\/\/www.galistra.pl\/de\/wp-json\/wp\/v2\/pages\/5807\/revisions\/5808"}],"wp:attachment":[{"href":"https:\/\/www.galistra.pl\/de\/wp-json\/wp\/v2\/media?parent=5807"}],"curies":[{"name":"wp","href":"https:\/\/api.w.org\/{rel}","templated":true}]}}