{"id":5819,"date":"2021-03-22T12:04:09","date_gmt":"2021-03-22T11:04:09","guid":{"rendered":"https:\/\/www.galistra.pl\/waermepumpe\/angebot\/waermepumpen\/"},"modified":"2025-12-08T11:11:11","modified_gmt":"2025-12-08T10:11:11","slug":"waermepumpen","status":"publish","type":"page","link":"https:\/\/www.galistra.pl\/de\/waermepumpe\/angebot\/waermepumpen\/","title":{"rendered":"W\u00e4rmepumpen"},"content":{"rendered":"\n<p>Bei der Wahl der Heizmethode f\u00fcr das Geb\u00e4ude sowie der Brauchwarmwasserbereitung lohnt es sich, eine W\u00e4rmepumpe in Betracht zu ziehen, die wir Ihnen hiermit anbieten m\u00f6chten.<\/p>\n\n<div class=\"wp-block-image\"><figure class=\"alignright size-large is-resized\"><img loading=\"lazy\" decoding=\"async\" src=\"https:\/\/www.galistra.pl\/wp-content\/uploads\/2021\/03\/pompy-ciepla-1.jpg\" alt=\"\" class=\"wp-image-1375\" width=\"400\" height=\"329\" srcset=\"https:\/\/www.galistra.pl\/wp-content\/uploads\/2021\/03\/pompy-ciepla-1.jpg 800w, https:\/\/www.galistra.pl\/wp-content\/uploads\/2021\/03\/pompy-ciepla-1-768x632.jpg 768w\" sizes=\"auto, (max-width: 400px) 100vw, 400px\" \/><figcaption>Wir sind ein autorisierter Servicepartner f\u00fcr W\u00e4rmepumpen der Firma Haier, deren polnischer Vertriebspartner die Haier AC Refsystem Sp. z o.o. ist. <\/figcaption><\/figure><\/div>\n\n<p><strong>Warum lohnt es sich?<\/strong><\/p>\n\n<ul class=\"wp-block-list\"><li>bei W\u00e4rmepumpen findet kein Verbrennungsprozess statt \u2013 es ist eine umweltfreundliche und sichere L\u00f6sung,<\/li><li>das Haus kann ohne kostspieligen Abgas- oder Rauchschornstein auskommen,<\/li><li>eine gro\u00dfe Ersparnis ist der Wegfall der Grundst\u00fcckserschlie\u00dfung f\u00fcr Netzgas oder eines Gastanks sowie der Verzicht auf einen gro\u00dfen Heizraum f\u00fcr eine \u00d6lheizung,<\/li><li>Aufgrund der kompakten Bauweise von W\u00e4rmepumpen befindet sich nur die Au\u00dfeneinheit au\u00dferhalb des Geb\u00e4udes, w\u00e4hrend die \u00fcbrige Ausr\u00fcstung in einem Mehrzweckraum, wie z. B. einer Waschk\u00fcche oder einem Trockenraum, untergebracht werden kann,<\/li><li>Eine optimal auf den tats\u00e4chlichen Bedarf ausgelegte W\u00e4rmepumpe sorgt f\u00fcr sehr g\u00fcnstiges Heizen \u2013 die Investitionskosten k\u00f6nnen selbst den anspruchsvollsten Benutzer positiv \u00fcberraschen.<\/li><\/ul>\n<p><strong>Im Bereich der W\u00e4rmepumpen bieten wir:<\/strong><\/p>\n\n<ul class=\"wp-block-list\"><li>Beratung: Unsere Berater werden auf transparente und verst\u00e4ndliche Weise alle Ihre Zweifel zum Thema W\u00e4rmepumpen ausr\u00e4umen. Wir beraten Sie nicht nur bez\u00fcglich der W\u00e4rmepumpe selbst, sondern geben auch Hinweise zur Gestaltung des gesamten Heizsystems, damit der Betrieb der Pumpe maximal effizient und gleichzeitig komfortabel f\u00fcr die Nutzer ist. <\/li><li>Ger\u00e4teauswahl: Um Art und Leistung des Ger\u00e4ts richtig zu bestimmen, ben\u00f6tigen wir von Ihnen eine Reihe von Informationen \u00fcber das zu beheizende Objekt. Nur dieser Ansatz erm\u00f6glicht den Einsatz eines Ger\u00e4ts, das nicht \u00fcberdimensioniert ist \u2013 was den ung\u00fcnstigsten Fall darstellt. <\/li><\/ul>\n<p>Wir arbeiten mit f\u00fchrenden W\u00e4rmepumpenherstellern zusammen, was es uns erm\u00f6glicht, das passende Ger\u00e4t f\u00fcr die spezifischen Bed\u00fcrfnisse auszuw\u00e4hlen.<\/p>\n\n<ul class=\"wp-block-list\"><li>Montage: Unser Montageteam setzt alles daran, dass Sie mit dem Arbeitsergebnis immer zufrieden sind \u2013 sowohl optisch als auch technisch. Wir k\u00fcmmern uns um die Montage von A bis Z, sodass der Kunde ein fertiges Produkt erh\u00e4lt, das wunschgem\u00e4\u00df funktioniert. Auf Wunsch des Kunden erkl\u00e4rt der Monteur nach der Inbetriebnahme des Ger\u00e4ts und der Funktionspr\u00fcfung die grundlegenden Steuerungsoptionen des Ger\u00e4ts.  <\/li><li>Service: Wir f\u00fchren Garantie- und Nachgarantiewartungen der Ger\u00e4te durch. Wie bei jedem Ger\u00e4t ist eine rechtzeitige \u00dcberpr\u00fcfung wichtig. Dies h\u00e4lt die Pumpe in gutem Zustand, was die Grundlage f\u00fcr ihre Langlebigkeit ist. Garantieinspektionen, die von einem autorisierten Servicetechniker durchgef\u00fchrt werden, sind die Voraussetzung f\u00fcr die Aufrechterhaltung der Ger\u00e4tegarantie.   <\/li><li>F\u00f6rdermittel: Wir bieten Unterst\u00fctzung bei der Beantragung von F\u00f6rdermitteln im Rahmen staatlicher und lokaler Programme zur F\u00f6rderung erneuerbarer Energien und umweltfreundlicher L\u00f6sungen, z. B. \u201eCzyste Powietrze\u201c (Saubere Luft) oder steuerliche Absetzbarkeit von Thermomodernisierungskosten. <\/li><\/ul>","protected":false},"excerpt":{"rendered":"<p>Bei der Wahl der Heizmethode f\u00fcr das Geb\u00e4ude sowie der Brauchwarmwasserbereitung lohnt es sich, eine W\u00e4rmepumpe in Betracht zu ziehen, die wir Ihnen hiermit anbieten m\u00f6chten. Warum lohnt es sich? bei W\u00e4rmepumpen findet kein Verbrennungsprozess statt \u2013 es ist eine umweltfreundliche und sichere L\u00f6sung, das Haus kann ohne kostspieligen Abgas- oder Rauchschornstein auskommen, eine gro\u00dfe [&hellip;]<\/p>\n","protected":false},"author":1,"featured_media":0,"parent":5811,"menu_order":0,"comment_status":"closed","ping_status":"closed","template":"","meta":{"_acf_changed":false,"advgb_blocks_editor_width":"","advgb_blocks_columns_visual_guide":"","footnotes":""},"class_list":["post-5819","page","type-page","status-publish","hentry"],"acf":[],"aioseo_notices":[],"coauthors":[],"author_meta":{"author_link":"https:\/\/www.galistra.pl\/de\/author\/nf\/","display_name":"nf"},"relative_dates":{"created":"Ver\u00f6ffentlicht 5\u00a0Jahren vor","modified":"Aktualisiert 5\u00a0Monaten vor"},"absolute_dates":{"created":"Ver\u00f6ffentlicht am 22 M\u00e4rz 2021","modified":"Aktualisiert am 8 Dezember 2025"},"absolute_dates_time":{"created":"Ver\u00f6ffentlicht am 22 M\u00e4rz 2021 12:04","modified":"Aktualisiert am 8 Dezember 2025 11:11"},"featured_img_caption":"","featured_img":false,"series_order":"","_links":{"self":[{"href":"https:\/\/www.galistra.pl\/de\/wp-json\/wp\/v2\/pages\/5819","targetHints":{"allow":["GET"]}}],"collection":[{"href":"https:\/\/www.galistra.pl\/de\/wp-json\/wp\/v2\/pages"}],"about":[{"href":"https:\/\/www.galistra.pl\/de\/wp-json\/wp\/v2\/types\/page"}],"author":[{"embeddable":true,"href":"https:\/\/www.galistra.pl\/de\/wp-json\/wp\/v2\/users\/1"}],"replies":[{"embeddable":true,"href":"https:\/\/www.galistra.pl\/de\/wp-json\/wp\/v2\/comments?post=5819"}],"version-history":[{"count":1,"href":"https:\/\/www.galistra.pl\/de\/wp-json\/wp\/v2\/pages\/5819\/revisions"}],"predecessor-version":[{"id":5820,"href":"https:\/\/www.galistra.pl\/de\/wp-json\/wp\/v2\/pages\/5819\/revisions\/5820"}],"up":[{"embeddable":true,"href":"https:\/\/www.galistra.pl\/de\/wp-json\/wp\/v2\/pages\/5811"}],"wp:attachment":[{"href":"https:\/\/www.galistra.pl\/de\/wp-json\/wp\/v2\/media?parent=5819"}],"curies":[{"name":"wp","href":"https:\/\/api.w.org\/{rel}","templated":true}]}}