{"id":5827,"date":"2021-03-22T12:07:40","date_gmt":"2021-03-22T11:07:40","guid":{"rendered":"https:\/\/www.galistra.pl\/waermepumpe\/verwirklichungen\/"},"modified":"2025-12-08T23:01:15","modified_gmt":"2025-12-08T22:01:15","slug":"verwirklichungen","status":"publish","type":"page","link":"https:\/\/www.galistra.pl\/de\/waermepumpe\/verwirklichungen\/","title":{"rendered":"Verwirklichungen"},"content":{"rendered":"\n<figure class=\"wp-block-gallery has-nested-images columns-default is-cropped wp-block-gallery-1 is-layout-flex wp-block-gallery-is-layout-flex\">\n<figure class=\"wp-block-image size-full\"><img loading=\"lazy\" decoding=\"async\" width=\"1200\" height=\"1600\" data-id=\"2722\" src=\"https:\/\/www.galistra.pl\/wp-content\/uploads\/2024\/04\/Zdjecie-WhatsApp-2024-04-12-o-15.28.00_5a0649cb.jpg\" alt=\"\" class=\"wp-image-2722\" srcset=\"https:\/\/www.galistra.pl\/wp-content\/uploads\/2024\/04\/Zdjecie-WhatsApp-2024-04-12-o-15.28.00_5a0649cb.jpg 1200w, https:\/\/www.galistra.pl\/wp-content\/uploads\/2024\/04\/Zdjecie-WhatsApp-2024-04-12-o-15.28.00_5a0649cb-768x1024.jpg 768w, https:\/\/www.galistra.pl\/wp-content\/uploads\/2024\/04\/Zdjecie-WhatsApp-2024-04-12-o-15.28.00_5a0649cb-1152x1536.jpg 1152w\" sizes=\"auto, (max-width: 1200px) 100vw, 1200px\" \/><\/figure>\n\n\n\n<figure class=\"wp-block-image size-full is-style-default\"><img loading=\"lazy\" decoding=\"async\" width=\"1920\" height=\"2560\" data-id=\"2726\" src=\"https:\/\/www.galistra.pl\/wp-content\/uploads\/2024\/04\/IMG_20240117_154503_059-scaled.jpg\" alt=\"\" class=\"wp-image-2726\" srcset=\"https:\/\/www.galistra.pl\/wp-content\/uploads\/2024\/04\/IMG_20240117_154503_059-scaled.jpg 1920w, https:\/\/www.galistra.pl\/wp-content\/uploads\/2024\/04\/IMG_20240117_154503_059-768x1024.jpg 768w, https:\/\/www.galistra.pl\/wp-content\/uploads\/2024\/04\/IMG_20240117_154503_059-1152x1536.jpg 1152w, https:\/\/www.galistra.pl\/wp-content\/uploads\/2024\/04\/IMG_20240117_154503_059-1536x2048.jpg 1536w\" sizes=\"auto, (max-width: 1920px) 100vw, 1920px\" \/><\/figure>\n\n\n\n<figure class=\"wp-block-image size-full is-style-default\"><img loading=\"lazy\" decoding=\"async\" width=\"1920\" height=\"2560\" data-id=\"2723\" src=\"https:\/\/www.galistra.pl\/wp-content\/uploads\/2024\/04\/IMG_20231201_082156_175-scaled.jpg\" alt=\"\" class=\"wp-image-2723\" srcset=\"https:\/\/www.galistra.pl\/wp-content\/uploads\/2024\/04\/IMG_20231201_082156_175-scaled.jpg 1920w, https:\/\/www.galistra.pl\/wp-content\/uploads\/2024\/04\/IMG_20231201_082156_175-768x1024.jpg 768w, https:\/\/www.galistra.pl\/wp-content\/uploads\/2024\/04\/IMG_20231201_082156_175-1152x1536.jpg 1152w, https:\/\/www.galistra.pl\/wp-content\/uploads\/2024\/04\/IMG_20231201_082156_175-1536x2048.jpg 1536w\" sizes=\"auto, (max-width: 1920px) 100vw, 1920px\" \/><\/figure>\n\n\n\n<figure class=\"wp-block-image size-full is-style-default\"><img loading=\"lazy\" decoding=\"async\" width=\"2560\" height=\"1920\" data-id=\"2725\" src=\"https:\/\/www.galistra.pl\/wp-content\/uploads\/2024\/04\/IMG_20230905_130330_683-scaled.jpg\" alt=\"\" class=\"wp-image-2725\" srcset=\"https:\/\/www.galistra.pl\/wp-content\/uploads\/2024\/04\/IMG_20230905_130330_683-scaled.jpg 2560w, https:\/\/www.galistra.pl\/wp-content\/uploads\/2024\/04\/IMG_20230905_130330_683-768x576.jpg 768w, https:\/\/www.galistra.pl\/wp-content\/uploads\/2024\/04\/IMG_20230905_130330_683-1536x1152.jpg 1536w, https:\/\/www.galistra.pl\/wp-content\/uploads\/2024\/04\/IMG_20230905_130330_683-2048x1536.jpg 2048w\" sizes=\"auto, (max-width: 2560px) 100vw, 2560px\" \/><\/figure>\n\n\n\n<figure class=\"wp-block-image size-full is-style-default\"><img loading=\"lazy\" decoding=\"async\" width=\"2560\" height=\"1920\" data-id=\"2724\" src=\"https:\/\/www.galistra.pl\/wp-content\/uploads\/2024\/04\/IMG_20230822_130055_440-scaled.jpg\" alt=\"\" class=\"wp-image-2724\" srcset=\"https:\/\/www.galistra.pl\/wp-content\/uploads\/2024\/04\/IMG_20230822_130055_440-scaled.jpg 2560w, https:\/\/www.galistra.pl\/wp-content\/uploads\/2024\/04\/IMG_20230822_130055_440-768x576.jpg 768w, https:\/\/www.galistra.pl\/wp-content\/uploads\/2024\/04\/IMG_20230822_130055_440-1536x1152.jpg 1536w, https:\/\/www.galistra.pl\/wp-content\/uploads\/2024\/04\/IMG_20230822_130055_440-2048x1536.jpg 2048w\" sizes=\"auto, (max-width: 2560px) 100vw, 2560px\" \/><\/figure>\n\n\n\n<figure class=\"wp-block-image size-full is-style-default\"><img loading=\"lazy\" decoding=\"async\" width=\"2560\" height=\"1920\" data-id=\"2721\" src=\"https:\/\/www.galistra.pl\/wp-content\/uploads\/2024\/04\/IMG_20230118_161707_987-scaled.jpg\" alt=\"\" class=\"wp-image-2721\" srcset=\"https:\/\/www.galistra.pl\/wp-content\/uploads\/2024\/04\/IMG_20230118_161707_987-scaled.jpg 2560w, https:\/\/www.galistra.pl\/wp-content\/uploads\/2024\/04\/IMG_20230118_161707_987-768x576.jpg 768w, https:\/\/www.galistra.pl\/wp-content\/uploads\/2024\/04\/IMG_20230118_161707_987-1536x1152.jpg 1536w, https:\/\/www.galistra.pl\/wp-content\/uploads\/2024\/04\/IMG_20230118_161707_987-2048x1536.jpg 2048w\" sizes=\"auto, (max-width: 2560px) 100vw, 2560px\" \/><\/figure>\n\n\n\n<figure class=\"wp-block-image size-large is-style-default\"><img loading=\"lazy\" decoding=\"async\" width=\"1920\" height=\"2560\" data-id=\"2623\" src=\"https:\/\/www.galistra.pl\/wp-content\/uploads\/2024\/04\/IMG_20230810_170032_418-scaled.jpg\" alt=\"\" class=\"wp-image-2623\" srcset=\"https:\/\/www.galistra.pl\/wp-content\/uploads\/2024\/04\/IMG_20230810_170032_418-scaled.jpg 1920w, https:\/\/www.galistra.pl\/wp-content\/uploads\/2024\/04\/IMG_20230810_170032_418-768x1024.jpg 768w, https:\/\/www.galistra.pl\/wp-content\/uploads\/2024\/04\/IMG_20230810_170032_418-1152x1536.jpg 1152w, https:\/\/www.galistra.pl\/wp-content\/uploads\/2024\/04\/IMG_20230810_170032_418-1536x2048.jpg 1536w\" sizes=\"auto, (max-width: 1920px) 100vw, 1920px\" \/><\/figure>\n\n\n\n<figure class=\"wp-block-image size-large is-style-default\"><img loading=\"lazy\" decoding=\"async\" width=\"2560\" height=\"1920\" data-id=\"2319\" src=\"https:\/\/www.galistra.pl\/wp-content\/uploads\/2022\/11\/Limanowa-scaled.jpg\" alt=\"\" class=\"wp-image-2319\" srcset=\"https:\/\/www.galistra.pl\/wp-content\/uploads\/2022\/11\/Limanowa-scaled.jpg 2560w, https:\/\/www.galistra.pl\/wp-content\/uploads\/2022\/11\/Limanowa-768x576.jpg 768w, https:\/\/www.galistra.pl\/wp-content\/uploads\/2022\/11\/Limanowa-1536x1152.jpg 1536w, https:\/\/www.galistra.pl\/wp-content\/uploads\/2022\/11\/Limanowa-2048x1536.jpg 2048w\" sizes=\"auto, (max-width: 2560px) 100vw, 2560px\" \/><\/figure>\n\n\n\n<figure class=\"wp-block-image size-large\"><img loading=\"lazy\" decoding=\"async\" width=\"2560\" height=\"1920\" data-id=\"2318\" src=\"https:\/\/www.galistra.pl\/wp-content\/uploads\/2022\/11\/Limanowa-2-scaled.jpg\" alt=\"\" class=\"wp-image-2318\" srcset=\"https:\/\/www.galistra.pl\/wp-content\/uploads\/2022\/11\/Limanowa-2-scaled.jpg 2560w, https:\/\/www.galistra.pl\/wp-content\/uploads\/2022\/11\/Limanowa-2-768x576.jpg 768w, https:\/\/www.galistra.pl\/wp-content\/uploads\/2022\/11\/Limanowa-2-1536x1152.jpg 1536w, https:\/\/www.galistra.pl\/wp-content\/uploads\/2022\/11\/Limanowa-2-2048x1536.jpg 2048w\" sizes=\"auto, (max-width: 2560px) 100vw, 2560px\" \/><\/figure>\n\n\n\n<figure class=\"wp-block-image size-full\"><img loading=\"lazy\" decoding=\"async\" width=\"1920\" height=\"2560\" data-id=\"2320\" src=\"https:\/\/www.galistra.pl\/wp-content\/uploads\/2022\/11\/Owieczka-scaled.jpg\" alt=\"\" class=\"wp-image-2320\" srcset=\"https:\/\/www.galistra.pl\/wp-content\/uploads\/2022\/11\/Owieczka-scaled.jpg 1920w, https:\/\/www.galistra.pl\/wp-content\/uploads\/2022\/11\/Owieczka-768x1024.jpg 768w, https:\/\/www.galistra.pl\/wp-content\/uploads\/2022\/11\/Owieczka-1152x1536.jpg 1152w, https:\/\/www.galistra.pl\/wp-content\/uploads\/2022\/11\/Owieczka-1536x2048.jpg 1536w\" sizes=\"auto, (max-width: 1920px) 100vw, 1920px\" \/><\/figure>\n\n\n\n<figure class=\"wp-block-image size-large\"><img loading=\"lazy\" decoding=\"async\" width=\"2181\" height=\"2560\" data-id=\"2315\" src=\"https:\/\/www.galistra.pl\/wp-content\/uploads\/2022\/11\/NOWY-TARG-scaled.jpg\" alt=\"\" class=\"wp-image-2315\" srcset=\"https:\/\/www.galistra.pl\/wp-content\/uploads\/2022\/11\/NOWY-TARG-scaled.jpg 2181w, https:\/\/www.galistra.pl\/wp-content\/uploads\/2022\/11\/NOWY-TARG-768x902.jpg 768w, https:\/\/www.galistra.pl\/wp-content\/uploads\/2022\/11\/NOWY-TARG-1308x1536.jpg 1308w, https:\/\/www.galistra.pl\/wp-content\/uploads\/2022\/11\/NOWY-TARG-1745x2048.jpg 1745w\" sizes=\"auto, (max-width: 2181px) 100vw, 2181px\" \/><\/figure>\n\n\n\n<figure class=\"wp-block-image size-full\"><img loading=\"lazy\" decoding=\"async\" width=\"2560\" height=\"2437\" data-id=\"2313\" src=\"https:\/\/www.galistra.pl\/wp-content\/uploads\/2022\/11\/Nowy-Targ-2-scaled.jpg\" alt=\"\" class=\"wp-image-2313\" srcset=\"https:\/\/www.galistra.pl\/wp-content\/uploads\/2022\/11\/Nowy-Targ-2-scaled.jpg 2560w, https:\/\/www.galistra.pl\/wp-content\/uploads\/2022\/11\/Nowy-Targ-2-768x731.jpg 768w, https:\/\/www.galistra.pl\/wp-content\/uploads\/2022\/11\/Nowy-Targ-2-1536x1462.jpg 1536w, https:\/\/www.galistra.pl\/wp-content\/uploads\/2022\/11\/Nowy-Targ-2-2048x1950.jpg 2048w\" sizes=\"auto, (max-width: 2560px) 100vw, 2560px\" \/><\/figure>\n\n\n\n<figure class=\"wp-block-image size-large\"><img loading=\"lazy\" decoding=\"async\" width=\"1920\" height=\"2560\" data-id=\"2308\" src=\"https:\/\/www.galistra.pl\/wp-content\/uploads\/2022\/11\/IMG_20221027_072742_252-scaled.jpg\" alt=\"\" class=\"wp-image-2308\" srcset=\"https:\/\/www.galistra.pl\/wp-content\/uploads\/2022\/11\/IMG_20221027_072742_252-scaled.jpg 1920w, https:\/\/www.galistra.pl\/wp-content\/uploads\/2022\/11\/IMG_20221027_072742_252-768x1024.jpg 768w, https:\/\/www.galistra.pl\/wp-content\/uploads\/2022\/11\/IMG_20221027_072742_252-1152x1536.jpg 1152w, https:\/\/www.galistra.pl\/wp-content\/uploads\/2022\/11\/IMG_20221027_072742_252-1536x2048.jpg 1536w\" sizes=\"auto, (max-width: 1920px) 100vw, 1920px\" \/><\/figure>\n\n\n\n<figure class=\"wp-block-image size-full\"><img loading=\"lazy\" decoding=\"async\" width=\"1440\" height=\"2560\" data-id=\"2310\" src=\"https:\/\/www.galistra.pl\/wp-content\/uploads\/2022\/11\/20221027_180723-w-2-scaled.jpg\" alt=\"\" class=\"wp-image-2310\" srcset=\"https:\/\/www.galistra.pl\/wp-content\/uploads\/2022\/11\/20221027_180723-w-2-scaled.jpg 1440w, https:\/\/www.galistra.pl\/wp-content\/uploads\/2022\/11\/20221027_180723-w-2-768x1365.jpg 768w, https:\/\/www.galistra.pl\/wp-content\/uploads\/2022\/11\/20221027_180723-w-2-864x1536.jpg 864w, https:\/\/www.galistra.pl\/wp-content\/uploads\/2022\/11\/20221027_180723-w-2-1152x2048.jpg 1152w\" sizes=\"auto, (max-width: 1440px) 100vw, 1440px\" \/><\/figure>\n\n\n\n<figure class=\"wp-block-image size-large\"><img loading=\"lazy\" decoding=\"async\" width=\"2560\" height=\"1920\" data-id=\"2306\" src=\"https:\/\/www.galistra.pl\/wp-content\/uploads\/2022\/10\/IMG_20221018_174548_150-1-scaled.jpg\" alt=\"\" class=\"wp-image-2306\" srcset=\"https:\/\/www.galistra.pl\/wp-content\/uploads\/2022\/10\/IMG_20221018_174548_150-1-scaled.jpg 2560w, https:\/\/www.galistra.pl\/wp-content\/uploads\/2022\/10\/IMG_20221018_174548_150-1-768x576.jpg 768w, https:\/\/www.galistra.pl\/wp-content\/uploads\/2022\/10\/IMG_20221018_174548_150-1-1536x1152.jpg 1536w, https:\/\/www.galistra.pl\/wp-content\/uploads\/2022\/10\/IMG_20221018_174548_150-1-2048x1536.jpg 2048w\" sizes=\"auto, (max-width: 2560px) 100vw, 2560px\" \/><\/figure>\n\n\n\n<figure class=\"wp-block-image size-full\"><img loading=\"lazy\" decoding=\"async\" width=\"2560\" height=\"1920\" data-id=\"2301\" src=\"https:\/\/www.galistra.pl\/wp-content\/uploads\/2022\/10\/IMG_20221018_174521_673-scaled.jpg\" alt=\"\" class=\"wp-image-2301\" srcset=\"https:\/\/www.galistra.pl\/wp-content\/uploads\/2022\/10\/IMG_20221018_174521_673-scaled.jpg 2560w, https:\/\/www.galistra.pl\/wp-content\/uploads\/2022\/10\/IMG_20221018_174521_673-768x576.jpg 768w, https:\/\/www.galistra.pl\/wp-content\/uploads\/2022\/10\/IMG_20221018_174521_673-1536x1152.jpg 1536w, https:\/\/www.galistra.pl\/wp-content\/uploads\/2022\/10\/IMG_20221018_174521_673-2048x1536.jpg 2048w\" sizes=\"auto, (max-width: 2560px) 100vw, 2560px\" \/><\/figure>\n\n\n\n<figure class=\"wp-block-image size-large\"><img loading=\"lazy\" decoding=\"async\" width=\"1920\" height=\"2560\" data-id=\"2299\" src=\"https:\/\/www.galistra.pl\/wp-content\/uploads\/2022\/10\/IMG_20220930_153835_955-scaled.jpg\" alt=\"\" class=\"wp-image-2299\" srcset=\"https:\/\/www.galistra.pl\/wp-content\/uploads\/2022\/10\/IMG_20220930_153835_955-scaled.jpg 1920w, https:\/\/www.galistra.pl\/wp-content\/uploads\/2022\/10\/IMG_20220930_153835_955-768x1024.jpg 768w, https:\/\/www.galistra.pl\/wp-content\/uploads\/2022\/10\/IMG_20220930_153835_955-1152x1536.jpg 1152w, https:\/\/www.galistra.pl\/wp-content\/uploads\/2022\/10\/IMG_20220930_153835_955-1536x2048.jpg 1536w\" sizes=\"auto, (max-width: 1920px) 100vw, 1920px\" \/><\/figure>\n\n\n\n<figure class=\"wp-block-image size-full\"><img loading=\"lazy\" decoding=\"async\" width=\"2560\" height=\"1920\" data-id=\"2298\" src=\"https:\/\/www.galistra.pl\/wp-content\/uploads\/2022\/10\/IMG_20220929_175914_394-scaled.jpg\" alt=\"\" class=\"wp-image-2298\" srcset=\"https:\/\/www.galistra.pl\/wp-content\/uploads\/2022\/10\/IMG_20220929_175914_394-scaled.jpg 2560w, https:\/\/www.galistra.pl\/wp-content\/uploads\/2022\/10\/IMG_20220929_175914_394-768x576.jpg 768w, https:\/\/www.galistra.pl\/wp-content\/uploads\/2022\/10\/IMG_20220929_175914_394-1536x1152.jpg 1536w, https:\/\/www.galistra.pl\/wp-content\/uploads\/2022\/10\/IMG_20220929_175914_394-2048x1536.jpg 2048w\" sizes=\"auto, (max-width: 2560px) 100vw, 2560px\" \/><\/figure>\n\n\n\n<figure class=\"wp-block-image size-large\"><img loading=\"lazy\" decoding=\"async\" width=\"1062\" height=\"1416\" data-id=\"2241\" src=\"https:\/\/www.galistra.pl\/wp-content\/uploads\/2022\/02\/WhatsApp-Image-2022-02-25-at-07.17.33.jpeg\" alt=\"\" class=\"wp-image-2241\" srcset=\"https:\/\/www.galistra.pl\/wp-content\/uploads\/2022\/02\/WhatsApp-Image-2022-02-25-at-07.17.33.jpeg 1062w, https:\/\/www.galistra.pl\/wp-content\/uploads\/2022\/02\/WhatsApp-Image-2022-02-25-at-07.17.33-768x1024.jpeg 768w\" sizes=\"auto, (max-width: 1062px) 100vw, 1062px\" \/><\/figure>\n\n\n\n<figure class=\"wp-block-image size-large is-style-default\"><img loading=\"lazy\" decoding=\"async\" width=\"2560\" height=\"1920\" data-id=\"2252\" src=\"https:\/\/www.galistra.pl\/wp-content\/uploads\/2022\/02\/haier1-scaled.jpg\" alt=\"\" class=\"wp-image-2252\" srcset=\"https:\/\/www.galistra.pl\/wp-content\/uploads\/2022\/02\/haier1-scaled.jpg 2560w, https:\/\/www.galistra.pl\/wp-content\/uploads\/2022\/02\/haier1-768x576.jpg 768w, https:\/\/www.galistra.pl\/wp-content\/uploads\/2022\/02\/haier1-1536x1152.jpg 1536w, https:\/\/www.galistra.pl\/wp-content\/uploads\/2022\/02\/haier1-2048x1536.jpg 2048w\" sizes=\"auto, (max-width: 2560px) 100vw, 2560px\" \/><\/figure>\n\n\n\n<figure class=\"wp-block-image size-large is-style-default\"><img loading=\"lazy\" decoding=\"async\" width=\"1920\" height=\"2560\" data-id=\"2253\" src=\"https:\/\/www.galistra.pl\/wp-content\/uploads\/2022\/02\/haier2-scaled.jpg\" alt=\"\" class=\"wp-image-2253\" srcset=\"https:\/\/www.galistra.pl\/wp-content\/uploads\/2022\/02\/haier2-scaled.jpg 1920w, https:\/\/www.galistra.pl\/wp-content\/uploads\/2022\/02\/haier2-768x1024.jpg 768w, https:\/\/www.galistra.pl\/wp-content\/uploads\/2022\/02\/haier2-1152x1536.jpg 1152w, https:\/\/www.galistra.pl\/wp-content\/uploads\/2022\/02\/haier2-1536x2048.jpg 1536w\" sizes=\"auto, (max-width: 1920px) 100vw, 1920px\" \/><\/figure>\n\n\n\n<figure class=\"wp-block-image size-large is-style-default\"><img loading=\"lazy\" decoding=\"async\" width=\"1920\" height=\"2560\" data-id=\"2282\" src=\"https:\/\/www.galistra.pl\/wp-content\/uploads\/2022\/06\/IMG_20220527_160207-scaled.jpg\" alt=\"\" class=\"wp-image-2282\" srcset=\"https:\/\/www.galistra.pl\/wp-content\/uploads\/2022\/06\/IMG_20220527_160207-scaled.jpg 1920w, https:\/\/www.galistra.pl\/wp-content\/uploads\/2022\/06\/IMG_20220527_160207-768x1024.jpg 768w, https:\/\/www.galistra.pl\/wp-content\/uploads\/2022\/06\/IMG_20220527_160207-1152x1536.jpg 1152w, https:\/\/www.galistra.pl\/wp-content\/uploads\/2022\/06\/IMG_20220527_160207-1536x2048.jpg 1536w\" sizes=\"auto, (max-width: 1920px) 100vw, 1920px\" \/><\/figure>\n\n\n\n<figure class=\"wp-block-image size-large is-style-default\"><img loading=\"lazy\" decoding=\"async\" width=\"1920\" height=\"2560\" data-id=\"2283\" src=\"https:\/\/www.galistra.pl\/wp-content\/uploads\/2022\/06\/IMG_20220527_160342-scaled.jpg\" alt=\"\" class=\"wp-image-2283\" srcset=\"https:\/\/www.galistra.pl\/wp-content\/uploads\/2022\/06\/IMG_20220527_160342-scaled.jpg 1920w, https:\/\/www.galistra.pl\/wp-content\/uploads\/2022\/06\/IMG_20220527_160342-768x1024.jpg 768w, https:\/\/www.galistra.pl\/wp-content\/uploads\/2022\/06\/IMG_20220527_160342-1152x1536.jpg 1152w, https:\/\/www.galistra.pl\/wp-content\/uploads\/2022\/06\/IMG_20220527_160342-1536x2048.jpg 1536w\" sizes=\"auto, (max-width: 1920px) 100vw, 1920px\" \/><\/figure>\n\n\n\n<figure class=\"wp-block-image size-large is-style-default\"><img loading=\"lazy\" decoding=\"async\" width=\"1920\" height=\"2560\" data-id=\"2280\" src=\"https:\/\/www.galistra.pl\/wp-content\/uploads\/2022\/06\/IMG_20220527_182403-scaled.jpg\" alt=\"\" class=\"wp-image-2280\" srcset=\"https:\/\/www.galistra.pl\/wp-content\/uploads\/2022\/06\/IMG_20220527_182403-scaled.jpg 1920w, https:\/\/www.galistra.pl\/wp-content\/uploads\/2022\/06\/IMG_20220527_182403-768x1024.jpg 768w, https:\/\/www.galistra.pl\/wp-content\/uploads\/2022\/06\/IMG_20220527_182403-1152x1536.jpg 1152w, https:\/\/www.galistra.pl\/wp-content\/uploads\/2022\/06\/IMG_20220527_182403-1536x2048.jpg 1536w\" sizes=\"auto, (max-width: 1920px) 100vw, 1920px\" \/><\/figure>\n\n\n\n<figure class=\"wp-block-image size-large is-style-default\"><img loading=\"lazy\" decoding=\"async\" width=\"1920\" height=\"2560\" data-id=\"2281\" src=\"https:\/\/www.galistra.pl\/wp-content\/uploads\/2022\/06\/IMG_20220527_182408-scaled.jpg\" alt=\"\" class=\"wp-image-2281\" srcset=\"https:\/\/www.galistra.pl\/wp-content\/uploads\/2022\/06\/IMG_20220527_182408-scaled.jpg 1920w, https:\/\/www.galistra.pl\/wp-content\/uploads\/2022\/06\/IMG_20220527_182408-768x1024.jpg 768w, https:\/\/www.galistra.pl\/wp-content\/uploads\/2022\/06\/IMG_20220527_182408-1152x1536.jpg 1152w, https:\/\/www.galistra.pl\/wp-content\/uploads\/2022\/06\/IMG_20220527_182408-1536x2048.jpg 1536w\" sizes=\"auto, (max-width: 1920px) 100vw, 1920px\" \/><\/figure>\n\n\n\n<figure class=\"wp-block-image size-full is-style-default\"><img loading=\"lazy\" decoding=\"async\" width=\"2560\" height=\"1920\" data-id=\"2286\" src=\"https:\/\/www.galistra.pl\/wp-content\/uploads\/2022\/06\/IMG_20220603_083013-scaled.jpg\" alt=\"\" class=\"wp-image-2286\" srcset=\"https:\/\/www.galistra.pl\/wp-content\/uploads\/2022\/06\/IMG_20220603_083013-scaled.jpg 2560w, https:\/\/www.galistra.pl\/wp-content\/uploads\/2022\/06\/IMG_20220603_083013-768x576.jpg 768w, https:\/\/www.galistra.pl\/wp-content\/uploads\/2022\/06\/IMG_20220603_083013-1536x1152.jpg 1536w, https:\/\/www.galistra.pl\/wp-content\/uploads\/2022\/06\/IMG_20220603_083013-2048x1536.jpg 2048w\" sizes=\"auto, (max-width: 2560px) 100vw, 2560px\" \/><\/figure>\n\n\n\n<figure class=\"wp-block-image size-full is-style-default\"><img loading=\"lazy\" decoding=\"async\" width=\"2560\" height=\"1920\" data-id=\"2287\" src=\"https:\/\/www.galistra.pl\/wp-content\/uploads\/2022\/06\/IMG_20220603_082942-scaled.jpg\" alt=\"\" class=\"wp-image-2287\" srcset=\"https:\/\/www.galistra.pl\/wp-content\/uploads\/2022\/06\/IMG_20220603_082942-scaled.jpg 2560w, https:\/\/www.galistra.pl\/wp-content\/uploads\/2022\/06\/IMG_20220603_082942-768x576.jpg 768w, https:\/\/www.galistra.pl\/wp-content\/uploads\/2022\/06\/IMG_20220603_082942-1536x1152.jpg 1536w, https:\/\/www.galistra.pl\/wp-content\/uploads\/2022\/06\/IMG_20220603_082942-2048x1536.jpg 2048w\" sizes=\"auto, (max-width: 2560px) 100vw, 2560px\" \/><\/figure>\n\n\n\n<figure class=\"wp-block-image size-full is-style-default\"><img loading=\"lazy\" decoding=\"async\" width=\"1920\" height=\"2560\" data-id=\"2288\" src=\"https:\/\/www.galistra.pl\/wp-content\/uploads\/2022\/06\/IMG_20220603_083641-scaled.jpg\" alt=\"\" class=\"wp-image-2288\" srcset=\"https:\/\/www.galistra.pl\/wp-content\/uploads\/2022\/06\/IMG_20220603_083641-scaled.jpg 1920w, https:\/\/www.galistra.pl\/wp-content\/uploads\/2022\/06\/IMG_20220603_083641-768x1024.jpg 768w, https:\/\/www.galistra.pl\/wp-content\/uploads\/2022\/06\/IMG_20220603_083641-1152x1536.jpg 1152w, https:\/\/www.galistra.pl\/wp-content\/uploads\/2022\/06\/IMG_20220603_083641-1536x2048.jpg 1536w\" sizes=\"auto, (max-width: 1920px) 100vw, 1920px\" \/><\/figure>\n\n\n\n<figure class=\"wp-block-image size-full is-style-default\"><img loading=\"lazy\" decoding=\"async\" width=\"1920\" height=\"2560\" data-id=\"2295\" src=\"https:\/\/www.galistra.pl\/wp-content\/uploads\/2022\/10\/IMG_20221012_145351_876-scaled.jpg\" alt=\"\" class=\"wp-image-2295\" srcset=\"https:\/\/www.galistra.pl\/wp-content\/uploads\/2022\/10\/IMG_20221012_145351_876-scaled.jpg 1920w, https:\/\/www.galistra.pl\/wp-content\/uploads\/2022\/10\/IMG_20221012_145351_876-768x1024.jpg 768w, https:\/\/www.galistra.pl\/wp-content\/uploads\/2022\/10\/IMG_20221012_145351_876-1152x1536.jpg 1152w, https:\/\/www.galistra.pl\/wp-content\/uploads\/2022\/10\/IMG_20221012_145351_876-1536x2048.jpg 1536w\" sizes=\"auto, (max-width: 1920px) 100vw, 1920px\" \/><\/figure>\n\n\n\n<figure class=\"wp-block-image size-full is-style-default\"><img loading=\"lazy\" decoding=\"async\" width=\"2560\" height=\"1920\" data-id=\"2294\" src=\"https:\/\/www.galistra.pl\/wp-content\/uploads\/2022\/10\/IMG_20221012_145405_432-scaled.jpg\" alt=\"\" class=\"wp-image-2294\" srcset=\"https:\/\/www.galistra.pl\/wp-content\/uploads\/2022\/10\/IMG_20221012_145405_432-scaled.jpg 2560w, https:\/\/www.galistra.pl\/wp-content\/uploads\/2022\/10\/IMG_20221012_145405_432-768x576.jpg 768w, https:\/\/www.galistra.pl\/wp-content\/uploads\/2022\/10\/IMG_20221012_145405_432-1536x1152.jpg 1536w, https:\/\/www.galistra.pl\/wp-content\/uploads\/2022\/10\/IMG_20221012_145405_432-2048x1536.jpg 2048w\" sizes=\"auto, (max-width: 2560px) 100vw, 2560px\" \/><\/figure>\n\n\n\n<figure class=\"wp-block-image size-large is-style-default\"><img loading=\"lazy\" decoding=\"async\" width=\"2560\" height=\"1920\" data-id=\"2245\" src=\"https:\/\/www.galistra.pl\/wp-content\/uploads\/2022\/02\/IMG_20210326_084506-scaled.jpg\" alt=\"\" class=\"wp-image-2245\" srcset=\"https:\/\/www.galistra.pl\/wp-content\/uploads\/2022\/02\/IMG_20210326_084506-scaled.jpg 2560w, https:\/\/www.galistra.pl\/wp-content\/uploads\/2022\/02\/IMG_20210326_084506-768x576.jpg 768w, https:\/\/www.galistra.pl\/wp-content\/uploads\/2022\/02\/IMG_20210326_084506-1536x1152.jpg 1536w, https:\/\/www.galistra.pl\/wp-content\/uploads\/2022\/02\/IMG_20210326_084506-2048x1536.jpg 2048w\" sizes=\"auto, (max-width: 2560px) 100vw, 2560px\" \/><\/figure>\n<\/figure>\n\n\n\n<p><\/p>\n\n\n\n<p><\/p>\n","protected":false},"excerpt":{"rendered":"","protected":false},"author":1,"featured_media":0,"parent":5807,"menu_order":0,"comment_status":"closed","ping_status":"closed","template":"","meta":{"_acf_changed":false,"advgb_blocks_editor_width":"","advgb_blocks_columns_visual_guide":"","footnotes":""},"class_list":["post-5827","page","type-page","status-publish","hentry"],"acf":[],"aioseo_notices":[],"coauthors":[],"author_meta":{"author_link":"https:\/\/www.galistra.pl\/de\/author\/nf\/","display_name":"nf"},"relative_dates":{"created":"Ver\u00f6ffentlicht 5\u00a0Jahren vor","modified":"Aktualisiert 5\u00a0Monaten vor"},"absolute_dates":{"created":"Ver\u00f6ffentlicht am 22 M\u00e4rz 2021","modified":"Aktualisiert am 8 Dezember 2025"},"absolute_dates_time":{"created":"Ver\u00f6ffentlicht am 22 M\u00e4rz 2021 12:07","modified":"Aktualisiert am 8 Dezember 2025 23:01"},"featured_img_caption":"","featured_img":false,"series_order":"","_links":{"self":[{"href":"https:\/\/www.galistra.pl\/de\/wp-json\/wp\/v2\/pages\/5827","targetHints":{"allow":["GET"]}}],"collection":[{"href":"https:\/\/www.galistra.pl\/de\/wp-json\/wp\/v2\/pages"}],"about":[{"href":"https:\/\/www.galistra.pl\/de\/wp-json\/wp\/v2\/types\/page"}],"author":[{"embeddable":true,"href":"https:\/\/www.galistra.pl\/de\/wp-json\/wp\/v2\/users\/1"}],"replies":[{"embeddable":true,"href":"https:\/\/www.galistra.pl\/de\/wp-json\/wp\/v2\/comments?post=5827"}],"version-history":[{"count":1,"href":"https:\/\/www.galistra.pl\/de\/wp-json\/wp\/v2\/pages\/5827\/revisions"}],"predecessor-version":[{"id":5828,"href":"https:\/\/www.galistra.pl\/de\/wp-json\/wp\/v2\/pages\/5827\/revisions\/5828"}],"up":[{"embeddable":true,"href":"https:\/\/www.galistra.pl\/de\/wp-json\/wp\/v2\/pages\/5807"}],"wp:attachment":[{"href":"https:\/\/www.galistra.pl\/de\/wp-json\/wp\/v2\/media?parent=5827"}],"curies":[{"name":"wp","href":"https:\/\/api.w.org\/{rel}","templated":true}]}}