{"id":5831,"date":"2021-03-22T12:11:06","date_gmt":"2021-03-22T11:11:06","guid":{"rendered":"https:\/\/www.galistra.pl\/waermepumpe\/angebotsanfrage\/"},"modified":"2025-12-08T23:39:39","modified_gmt":"2025-12-08T22:39:39","slug":"angebotsanfrage","status":"publish","type":"page","link":"https:\/\/www.galistra.pl\/de\/waermepumpe\/angebotsanfrage\/","title":{"rendered":"Angebotsanfrage"},"content":{"rendered":"\n<p>Um die Parameter der W\u00e4rmepumpe, des Speichers, der Querschnitte und der \u00fcbrigen Installationsarmaturen effizient, sachgerecht und zuverl\u00e4ssig auszuw\u00e4hlen, ben\u00f6tigen wir grundlegendes Wissen \u00fcber das zu beheizende Objekt, seine Parameter sowie die Art der bestehenden Installation bei modernisierten Geb\u00e4uden oder das geplante Heizsystem bei Neubauten. <\/p>\n\n<h2 class=\"wp-block-heading\">Befolgen Sie zu diesem Zweck die folgenden Richtlinien:<\/h2>\n\n<div class=\"wp-block-image\"><figure class=\"alignright size-large is-resized\"><img loading=\"lazy\" decoding=\"async\" src=\"https:\/\/www.galistra.pl\/wp-content\/uploads\/2021\/03\/zapytanie.jpg\" alt=\"\" class=\"wp-image-1394\" width=\"400\" height=\"329\" srcset=\"https:\/\/www.galistra.pl\/wp-content\/uploads\/2021\/03\/zapytanie.jpg 800w, https:\/\/www.galistra.pl\/wp-content\/uploads\/2021\/03\/zapytanie-768x632.jpg 768w\" sizes=\"auto, (max-width: 400px) 100vw, 400px\" \/><\/figure><\/div>\n\n<p><strong>1. W\u00e4rmebedarf<\/strong><\/p>\n\n<p>Berechnen Sie auf der Website (die nicht Teil der Marke GALISTRA ist) <a href=\"https:\/\/cieplowlasciwie.pl\">https:\/\/cieplowlasciwie.pl<\/a> gem\u00e4\u00df den auf der Seite enthaltenen Anweisungen den W\u00e4rmebedarf f\u00fcr Ihr Haus. Dieser Rechner liefert eine vorl\u00e4ufige Sch\u00e4tzung, aber die dort eingegebenen Parameter haben einen wesentlichen Einfluss auf den Planungsprozess und die Auswahl der Ger\u00e4teleistung \u2013 geben Sie die Daten so wahrheitsgem\u00e4\u00df wie m\u00f6glich ein und kontaktieren Sie uns im Zweifelsfall.<\/p>\n\n<p>Kopieren Sie den Link von der Seite mit den Berechnungsergebnissen und senden Sie ihn uns. Der Link zur Seite sollte wie der untenstehende aussehen:<br\/><strong>https:\/\/cieplowlasciwie.pl\/wynik\/bfep<\/strong><\/p>\n\n<p>Falls in naher Zukunft eine energetische Sanierung geplant ist, empfehlen wir, die Zieldaten nach der Sanierung des Geb\u00e4udes in den Rechner einzugeben.<\/p>\n\n<p><strong>2. Ihre Kontaktdaten<\/strong><\/p>\n\n<ul class=\"wp-block-list\"><li>Vor- und Nachname: f\u00fcr die Formalit\u00e4ten,<\/li><li>Kontakttelefonnummer,<\/li><li>Adresse oder zumindest der Ort, in dem sich das Geb\u00e4ude befindet.<\/li><\/ul>\n<p><strong>3. Beschreibung des Ist-Zustands \u2013 wie die Zentralheizungsanlage aktuell ausgef\u00fchrt ist<\/strong><\/p>\n\n<ul class=\"wp-block-list\"><li>durchschnittlicher Verbrauch und Art des verwendeten Brennstoffs,<\/li><li>heizen Sie mit Fu\u00dfbodenheizung \/ Heizk\u00f6rpern \/ Mischsystem (geben Sie das Verh\u00e4ltnis Fu\u00dfbodenheizung-Heizk\u00f6rper an, z. B. 40-60),<\/li><li>Temperatur der Heizk\u00f6rper bei einer durchschnittlichen Au\u00dfentemperatur von ca. -10\/-15\u00b0C; versuchen Sie, Ihre Hand darauf zu legen \u2013 ist er so hei\u00df, dass man sich die Hand verbrennt, oder kann man die Hand darauf liegen lassen?<\/li><li>nutzen Sie Thermostate, und wenn ja, auf welcher Einstellung,<\/li><li>Typ und Ma\u00dfe der Heizk\u00f6rper (Aluminium, Gusseisen, Rippenheizk\u00f6rper, Plattenheizk\u00f6rper 2\/3 Platten, Gr\u00f6\u00dfe \u2026 cm x \u2026 cm),<\/li><li>bei Fu\u00dfbodenheizung \u2013 wurde eine Zonenregelung verwendet, z. B. in Form eines Verteilers mit Stellantrieben, Steuerung f\u00fcr einzelne R\u00e4ume mittels Thermostaten),<\/li><li>verf\u00fcgt die Fu\u00dfbodenheizung \u00fcber eine Pumpe und\/oder einen Mischer im Kreislauf,<\/li><li>Art und Gr\u00f6\u00dfe des Speichers (Boilers) \u2013 wenn Sie sich nicht sicher sind \u2013 machen Sie ein Foto des Typenschilds oder fragen Sie den Installateur, der ihn montiert hat,<\/li><li>wurden Solarkollektoren zur Brauchwassererw\u00e4rmung eingesetzt (wir gehen davon aus, dass diese weiterhin beibehalten werden).<\/li><\/ul>\n<p><strong>4. Fotos und Film, die Ihren Heizraum\/Technikraum pr\u00e4sentieren<\/strong><\/p>\n\n<p>Um uns die aktuelle Konfiguration der Installation im Heizraum deutlich zu zeigen, ist es notwendig, Fotos und ein Video des Ist-Zustands zu erstellen. Sie k\u00f6nnen sich z. B. mit einem Ma\u00dfband ausr\u00fcsten, um uns die grundlegenden Abmessungen zu zeigen. W\u00e4hrend der Aufnahme lohnt es sich, das, was auf der Aufnahme zu sehen ist, zu kommentieren. Bitte denken Sie daran, dass eine Aufnahme mit einer minderwertigen Kamera unleserlich ist und f\u00fcr uns unbrauchbar ist! Stellen Sie die Aufnahme auf YouTube ein \u2013 als nicht gelistetes Video \u2013 und senden Sie uns den Link zum Film. Alternativ laden Sie den Film auf Google Drive hoch und geben ihn f\u00fcr uns frei, indem Sie uns den Link mit Zugriffsberechtigung senden. Das Senden von Filmen per E-Mail ist zwecklos und ineffizient, da solche Filme eine gro\u00dfe Belastung f\u00fcr die Postf\u00e4cher darstellen.<\/p>\n\n<p>Sorgen Sie bei der Aufnahme f\u00fcr eine gute Beleuchtung des Raumes, am besten mit einer zus\u00e4tzlichen Lampe sowie der im Telefon eingebauten Leuchte.<\/p>\n\n<p><strong>5.Zeigen Sie uns den gesamten Heizraum, beginnend beim Kesselausgang (Vorlauf), und anschlie\u00dfend:<\/strong><\/p>\n\n<ul class=\"wp-block-list\"><li>geben Sie die Art und die Durchmesser der Rohre am Kesselausgang an,<\/li><li>zeigen und kommentieren Sie jede \u00c4nderung des Durchmessers oder der Materialart der Rohre,<\/li><li>zeigen Sie unbedingt alle Umw\u00e4lzpumpen, Absperrventile, Verzweigungen der Anlage, evtl. Mischer und andere wichtige Elemente,<\/li><li>zeigen Sie die Abgangsstelle der Installation zur Fu\u00dfbodenheizung oder zu den Heizk\u00f6rpern,<\/li><li>zeigen Sie den Wasserr\u00fccklauf zum Kessel, endend am Anschluss am Kessel,<\/li><li>pr\u00e4sentieren Sie analog den Installationskreislauf f\u00fcr den Warmwasserspeicher, vom Ausgang des Warmwassers aus dem Kessel bis zum R\u00fccklauf des Kaltwassers zum Kessel,<\/li><li>wenn Sie eine Idee haben, zeigen Sie, wo Sie einen eventuellen Pufferspeicher und die \u00fcbrigen Anlagenelemente sehen w\u00fcrden.<\/li><\/ul>\n<p><strong>6. Leistungsumfang der Installation<\/strong><\/p>\n\n<ul class=\"wp-block-list\"><li>M\u00f6chten Sie den alten Kessel komplett aus der Anlage entfernen?<\/li><li>Sollen wir uns um die Entfernung des alten Kessels k\u00fcmmern?<\/li><li>Interessieren Sie sich f\u00fcr eine W\u00e4rmepumpe f\u00fcr die Zentralheizung, Brauchwassererw\u00e4rmung oder f\u00fcr beide Funktionen?<\/li><li>Zu beheizendes Objekt: Altbau, Neubau (fertiggestellt) oder Neubau im Bau?<\/li><li>Welcher ungef\u00e4hre Ausf\u00fchrungszeitraum interessiert Sie?<\/li><\/ul>\n<h2 class=\"wp-block-heading\">Die gesamte Anfrage, bestehend aus:<\/h2>\n\n<ul class=\"wp-block-list\"><li>einem Link zu den Ergebnissen der W\u00e4rmebedarfsberechnung,<\/li><li>grundlegenden Informationen bzgl. Kontaktdaten und einer Beschreibung der bestehenden Installation,<\/li><li>einem Link zum Film, der Ihren Heizraum zeigt und gem\u00e4\u00df den oben genannten Richtlinien aufgenommen wurde,<\/li><\/ul>\n<p>senden Sie an unsere E-Mail-Adresse: <a href=\"mailto:pompyciepla@galistra.pl\">pompyciepla@galistra.pl<\/a><\/p>\n","protected":false},"excerpt":{"rendered":"<p>Um die Parameter der W\u00e4rmepumpe, des Speichers, der Querschnitte und der \u00fcbrigen Installationsarmaturen effizient, sachgerecht und zuverl\u00e4ssig auszuw\u00e4hlen, ben\u00f6tigen wir grundlegendes Wissen \u00fcber das zu beheizende Objekt, seine Parameter sowie die Art der bestehenden Installation bei modernisierten Geb\u00e4uden oder das geplante Heizsystem bei Neubauten. Befolgen Sie zu diesem Zweck die folgenden Richtlinien: 1. W\u00e4rmebedarf Berechnen [&hellip;]<\/p>\n","protected":false},"author":1,"featured_media":0,"parent":5807,"menu_order":0,"comment_status":"closed","ping_status":"closed","template":"","meta":{"_acf_changed":false,"advgb_blocks_editor_width":"","advgb_blocks_columns_visual_guide":"","footnotes":""},"class_list":["post-5831","page","type-page","status-publish","hentry"],"acf":[],"aioseo_notices":[],"coauthors":[],"author_meta":{"author_link":"https:\/\/www.galistra.pl\/de\/author\/nf\/","display_name":"nf"},"relative_dates":{"created":"Ver\u00f6ffentlicht 5\u00a0Jahren vor","modified":"Aktualisiert 5\u00a0Monaten vor"},"absolute_dates":{"created":"Ver\u00f6ffentlicht am 22 M\u00e4rz 2021","modified":"Aktualisiert am 8 Dezember 2025"},"absolute_dates_time":{"created":"Ver\u00f6ffentlicht am 22 M\u00e4rz 2021 12:11","modified":"Aktualisiert am 8 Dezember 2025 23:39"},"featured_img_caption":"","featured_img":false,"series_order":"","_links":{"self":[{"href":"https:\/\/www.galistra.pl\/de\/wp-json\/wp\/v2\/pages\/5831","targetHints":{"allow":["GET"]}}],"collection":[{"href":"https:\/\/www.galistra.pl\/de\/wp-json\/wp\/v2\/pages"}],"about":[{"href":"https:\/\/www.galistra.pl\/de\/wp-json\/wp\/v2\/types\/page"}],"author":[{"embeddable":true,"href":"https:\/\/www.galistra.pl\/de\/wp-json\/wp\/v2\/users\/1"}],"replies":[{"embeddable":true,"href":"https:\/\/www.galistra.pl\/de\/wp-json\/wp\/v2\/comments?post=5831"}],"version-history":[{"count":1,"href":"https:\/\/www.galistra.pl\/de\/wp-json\/wp\/v2\/pages\/5831\/revisions"}],"predecessor-version":[{"id":5832,"href":"https:\/\/www.galistra.pl\/de\/wp-json\/wp\/v2\/pages\/5831\/revisions\/5832"}],"up":[{"embeddable":true,"href":"https:\/\/www.galistra.pl\/de\/wp-json\/wp\/v2\/pages\/5807"}],"wp:attachment":[{"href":"https:\/\/www.galistra.pl\/de\/wp-json\/wp\/v2\/media?parent=5831"}],"curies":[{"name":"wp","href":"https:\/\/api.w.org\/{rel}","templated":true}]}}