{"id":5837,"date":"2025-06-04T11:17:04","date_gmt":"2025-06-04T09:17:04","guid":{"rendered":"https:\/\/www.galistra.pl\/team\/"},"modified":"2025-12-08T23:44:33","modified_gmt":"2025-12-08T22:44:33","slug":"team","status":"publish","type":"page","link":"https:\/\/www.galistra.pl\/de\/team\/","title":{"rendered":"Team"},"content":{"rendered":"\n<h2 class=\"wp-block-heading\">Galistra<\/h2>\n\n<p>Dank der Erfahrung und des Engagements unseres Teams realisieren wir Projekte reibungslos und effizient \u2013 vom Entwurf bis zur Endabnahme. Jede Phase des Planungsprozesses basiert auf einer fundierten Analyse, optimalen technischen L\u00f6sungen und einer engen Zusammenarbeit zwischen den Teammitgliedern. <\/p>\n\n<p>Unser Mitarbeiterstab besteht aus qualifizierten Ingenieuren, Planern und Assistenten, die nicht nur \u00fcber die entsprechenden Berechtigungen und das Fachwissen verf\u00fcgen, sondern ihre Kompetenzen auch st\u00e4ndig weiterentwickeln, um den Anforderungen des sich dynamisch wandelnden Baumarktes gerecht zu werden.<\/p>\n\n<p>Wir glauben, dass die St\u00e4rke von GALISTRA die Menschen sind \u2013 ihre Erfahrung, ihr Verantwortungsbewusstsein und ihre Bereitschaft, Herausforderungen anzunehmen. Gerade dank ihnen sind wir in der Lage, durchdachte, funktionale und wirtschaftlich optimierte L\u00f6sungen zu liefern, die sich in konkreten Vorteilen f\u00fcr unsere Kunden und Bauunternehmer niederschlagen. <\/p>\n","protected":false},"excerpt":{"rendered":"<p>Galistra Dank der Erfahrung und des Engagements unseres Teams realisieren wir Projekte reibungslos und effizient \u2013 vom Entwurf bis zur Endabnahme. Jede Phase des Planungsprozesses basiert auf einer fundierten Analyse, optimalen technischen L\u00f6sungen und einer engen Zusammenarbeit zwischen den Teammitgliedern. Unser Mitarbeiterstab besteht aus qualifizierten Ingenieuren, Planern und Assistenten, die nicht nur \u00fcber die entsprechenden [&hellip;]<\/p>\n","protected":false},"author":1,"featured_media":0,"parent":0,"menu_order":0,"comment_status":"closed","ping_status":"closed","template":"template\/page-zespol.php","meta":{"_acf_changed":false,"advgb_blocks_editor_width":"","advgb_blocks_columns_visual_guide":"","footnotes":""},"class_list":["post-5837","page","type-page","status-publish","hentry"],"acf":[],"aioseo_notices":[],"coauthors":[],"author_meta":{"author_link":"https:\/\/www.galistra.pl\/de\/author\/nf\/","display_name":"nf"},"relative_dates":{"created":"Ver\u00f6ffentlicht 11\u00a0Monaten vor","modified":"Aktualisiert 5\u00a0Monaten vor"},"absolute_dates":{"created":"Ver\u00f6ffentlicht am 4 Juni 2025","modified":"Aktualisiert am 8 Dezember 2025"},"absolute_dates_time":{"created":"Ver\u00f6ffentlicht am 4 Juni 2025 11:17","modified":"Aktualisiert am 8 Dezember 2025 23:44"},"featured_img_caption":"","featured_img":false,"series_order":"","_links":{"self":[{"href":"https:\/\/www.galistra.pl\/de\/wp-json\/wp\/v2\/pages\/5837","targetHints":{"allow":["GET"]}}],"collection":[{"href":"https:\/\/www.galistra.pl\/de\/wp-json\/wp\/v2\/pages"}],"about":[{"href":"https:\/\/www.galistra.pl\/de\/wp-json\/wp\/v2\/types\/page"}],"author":[{"embeddable":true,"href":"https:\/\/www.galistra.pl\/de\/wp-json\/wp\/v2\/users\/1"}],"replies":[{"embeddable":true,"href":"https:\/\/www.galistra.pl\/de\/wp-json\/wp\/v2\/comments?post=5837"}],"version-history":[{"count":1,"href":"https:\/\/www.galistra.pl\/de\/wp-json\/wp\/v2\/pages\/5837\/revisions"}],"predecessor-version":[{"id":5838,"href":"https:\/\/www.galistra.pl\/de\/wp-json\/wp\/v2\/pages\/5837\/revisions\/5838"}],"wp:attachment":[{"href":"https:\/\/www.galistra.pl\/de\/wp-json\/wp\/v2\/media?parent=5837"}],"curies":[{"name":"wp","href":"https:\/\/api.w.org\/{rel}","templated":true}]}}